{"id":23012,"date":"2025-03-04T09:06:03","date_gmt":"2025-03-04T09:06:03","guid":{"rendered":"https:\/\/pippifoder.se\/Ikke kategoriseret\/varmelampe-e27-infraroed-150w\/"},"modified":"2025-09-30T12:41:17","modified_gmt":"2025-09-30T12:41:17","slug":"varmelampe-e27-infraroed-150w","status":"publish","type":"product","link":"https:\/\/pippifoder.se\/da\/produkt\/kyllinger\/varmelampe-e27-infraroed-150w\/","title":{"rendered":"Varmelampe E27 Infrar\u00f8d 150W"},"content":{"rendered":"<p>V\u00e6r forsigtig. Varmelamper og varmelofter skal monteres, s\u00e5 stikket tr\u00e6kkes ud, og sp\u00e6ndingen afbrydes, hvis de falder ned. Stikkontakter skal derfor monteres nedadvendt over det sted, hvor lampen eller varmeloftet h\u00e6nges op. De skal monteres mindst 50 cm fra br\u00e6ndbart materiale, medmindre producenten angiver en st\u00f8rre afstand.   <\/p>\n<p>Varmesenge i stalde, dvs. varmem\u00e5tter og lignende, b\u00f8r tilsluttes via en beskyttelsestransformator. Tilslutningsledningen t\u00e6ttest p\u00e5 varmesengen skal v\u00e6re mekanisk beskyttet med for eksempel OMG-r\u00f8r eller lignende. <\/p>\n<p>Infrar\u00f8de varmeapparater og solarier, f.eks. i hestestalde, skal opfylde kravene til indkapsling i rummet, IP44, og v\u00e6re udstyret med en timer p\u00e5 h\u00f8jst 30 minutter. Omr\u00e5det skal holdes rent og ryddeligt og skal v\u00e6re begr\u00e6nset i forhold til st\u00f8vspredning. <\/p>\n","protected":false},"excerpt":{"rendered":"<p>En infrar\u00f8d p\u00e6re p\u00e5 150 W. E27-sokkel med korrekt forbindelse, skruet og svejset, mellem sokkel og p\u00e6re. Beskyttet mod st\u00f8d under drift. Bruges sammen med et <a href=\"https:\/\/pippifoder.se\/produkt\/hons\/varmearmatur-metall-e27-o210mm\/\">armatur<\/a>.   <\/p>\n","protected":false},"featured_media":22954,"comment_status":"open","ping_status":"closed","template":"","meta":{"_acf_changed":false},"product_brand":[],"product_cat":[334],"product_tag":[],"class_list":{"0":"post-23012","1":"product","2":"type-product","3":"status-publish","4":"has-post-thumbnail","6":"product_cat-kyllinger","8":"first","9":"instock","10":"taxable","11":"shipping-taxable","12":"purchasable","13":"product-type-simple"},"bundled_by":[],"bundle_stock_status":"instock","bundle_stock_quantity":52,"bundle_virtual":false,"bundle_layout":"","bundle_add_to_cart_form_location":"","bundle_editable_in_cart":false,"bundle_sold_individually_context":"","bundle_item_grouping":"","bundle_min_size":"","bundle_max_size":"","bundle_price":[],"bundled_items":[],"bundle_sell_ids":[],"acf":[],"_links":{"self":[{"href":"https:\/\/pippifoder.se\/da\/wp-json\/wp\/v2\/product\/23012","targetHints":{"allow":["GET"]}}],"collection":[{"href":"https:\/\/pippifoder.se\/da\/wp-json\/wp\/v2\/product"}],"about":[{"href":"https:\/\/pippifoder.se\/da\/wp-json\/wp\/v2\/types\/product"}],"replies":[{"embeddable":true,"href":"https:\/\/pippifoder.se\/da\/wp-json\/wp\/v2\/comments?post=23012"}],"wp:featuredmedia":[{"embeddable":true,"href":"https:\/\/pippifoder.se\/da\/wp-json\/wp\/v2\/media\/22954"}],"wp:attachment":[{"href":"https:\/\/pippifoder.se\/da\/wp-json\/wp\/v2\/media?parent=23012"}],"wp:term":[{"taxonomy":"product_brand","embeddable":true,"href":"https:\/\/pippifoder.se\/da\/wp-json\/wp\/v2\/product_brand?post=23012"},{"taxonomy":"product_cat","embeddable":true,"href":"https:\/\/pippifoder.se\/da\/wp-json\/wp\/v2\/product_cat?post=23012"},{"taxonomy":"product_tag","embeddable":true,"href":"https:\/\/pippifoder.se\/da\/wp-json\/wp\/v2\/product_tag?post=23012"}],"curies":[{"name":"wp","href":"https:\/\/api.w.org\/{rel}","templated":true}]}}