{"id":22704,"date":"2025-02-24T07:50:03","date_gmt":"2025-02-24T07:50:03","guid":{"rendered":"https:\/\/pippifoder.se\/Ikke%20kategoriseret\/fodertoende-med-laag-50l\/"},"modified":"2026-04-15T13:04:01","modified_gmt":"2026-04-15T11:04:01","slug":"fodertoende-med-laag-50l","status":"publish","type":"product","link":"https:\/\/pippifoder.se\/da\/produkt\/tilbehor\/foderbeholder-og-opbevaring\/fodertoende-med-laag-50l\/","title":{"rendered":"Fodert\u00f8nde med l\u00e5g 50l"},"content":{"rendered":"","protected":false},"excerpt":{"rendered":"<p>Svenskproduceret 50 liters sort t\u00f8nde med l\u00e5g.<\/p>\n<p data-start=\"50\" data-end=\"405\">Denne svenskproducerede 50-liters fodert\u00f8nde er et holdbart og praktisk valg til opbevaring af foder, piller eller andre t\u00f8rre materialer. Den er fremstillet af genanvendt polypropylenplast og er derfor b\u00e5de holdbar og milj\u00f8venlig. Den sorte t\u00f8nde er udstyret med h\u00e5ndtag for nem h\u00e5ndtering. Fodert\u00f8nden s\u00e6lges inklusive l\u00e5g.   <\/p>\n<p data-start=\"407\" data-end=\"624\">\u2705 <strong data-start=\"409\" data-end=\"419\">Volumen:<\/strong> 50 liter<br data-start=\"428\" data-end=\"431\">\u2705 <strong data-start=\"433\" data-end=\"446\" data-is-only-node=\"\">Materiale:<\/strong> Genanvendt polypropylenplast<br data-start=\"473\" data-end=\"476\">\u2705 <strong data-start=\"478\" data-end=\"487\">M\u00e5l:<\/strong> H\u00f8jde 47 cm, bunddiameter 33 cm, topdiameter 40 cm<br data-start=\"537\" data-end=\"540\">\u2705 Milj\u00f8smart valg &#8211; fremstillet af genanvendt plast<br data-start=\"593\" data-end=\"596\">\u274c Ikke f\u00f8devaregodkendt<\/p>\n<p data-start=\"626\" data-end=\"690\" data-is-last-node=\"\" data-is-only-node=\"\">Perfekt til dem, der har brug for en stabil og holdbar opbevaringst\u00f8nde!<\/p>\n","protected":false},"featured_media":22243,"comment_status":"open","ping_status":"closed","template":"","meta":{"_acf_changed":false},"product_brand":[],"product_cat":[168,149],"product_tag":[],"class_list":{"0":"post-22704","1":"product","2":"type-product","3":"status-publish","4":"has-post-thumbnail","6":"product_cat-foderbeholder-og-opbevaring","7":"product_cat-tilbehor","9":"first","10":"instock","11":"taxable","12":"shipping-taxable","13":"purchasable","14":"product-type-simple"},"bundled_by":[],"bundle_stock_status":"instock","bundle_stock_quantity":15,"bundle_virtual":false,"bundle_layout":"","bundle_add_to_cart_form_location":"","bundle_editable_in_cart":false,"bundle_sold_individually_context":"","bundle_item_grouping":"","bundle_min_size":"","bundle_max_size":"","bundle_price":[],"bundled_items":[],"bundle_sell_ids":[],"acf":[],"_links":{"self":[{"href":"https:\/\/pippifoder.se\/da\/wp-json\/wp\/v2\/product\/22704","targetHints":{"allow":["GET"]}}],"collection":[{"href":"https:\/\/pippifoder.se\/da\/wp-json\/wp\/v2\/product"}],"about":[{"href":"https:\/\/pippifoder.se\/da\/wp-json\/wp\/v2\/types\/product"}],"replies":[{"embeddable":true,"href":"https:\/\/pippifoder.se\/da\/wp-json\/wp\/v2\/comments?post=22704"}],"wp:featuredmedia":[{"embeddable":true,"href":"https:\/\/pippifoder.se\/da\/wp-json\/wp\/v2\/media\/22243"}],"wp:attachment":[{"href":"https:\/\/pippifoder.se\/da\/wp-json\/wp\/v2\/media?parent=22704"}],"wp:term":[{"taxonomy":"product_brand","embeddable":true,"href":"https:\/\/pippifoder.se\/da\/wp-json\/wp\/v2\/product_brand?post=22704"},{"taxonomy":"product_cat","embeddable":true,"href":"https:\/\/pippifoder.se\/da\/wp-json\/wp\/v2\/product_cat?post=22704"},{"taxonomy":"product_tag","embeddable":true,"href":"https:\/\/pippifoder.se\/da\/wp-json\/wp\/v2\/product_tag?post=22704"}],"curies":[{"name":"wp","href":"https:\/\/api.w.org\/{rel}","templated":true}]}}