{"id":22702,"date":"2025-02-21T07:33:23","date_gmt":"2025-02-21T07:33:23","guid":{"rendered":"https:\/\/pippifoder.se\/Ikke kategoriseret\/fynd-15-kg-afskallede-jordnoedder-i-en-toende\/"},"modified":"2025-10-20T17:01:31","modified_gmt":"2025-10-20T17:01:31","slug":"fynd-15-kg-afskallede-jordnoedder-i-en-toende","status":"publish","type":"product","link":"https:\/\/pippifoder.se\/da\/produkt\/tilbudshjoerne\/fynd-15-kg-afskallede-jordnoedder-i-en-toende\/","title":{"rendered":"FYND &#8211; 15 kg afskallede jordn\u00f8dder i en t\u00f8nde"},"content":{"rendered":"","protected":false},"excerpt":{"rendered":"<p>Ca. 15 kg afskallede jordn\u00f8dder (med det r\u00f8de skind p\u00e5) i en gr\u00f8n fodert\u00f8nde. BEM\u00c6RK, der er ingen s\u00e6k i t\u00f8nden, n\u00f8dderne er fra \u00f8delagte s\u00e6kke, som vi har h\u00e6ldt i en fodert\u00f8nde. Der er ikke noget galt med foderet, men vi kan ikke s\u00e6lge det, n\u00e5r s\u00e6kken er brudt.  <\/p>\n","protected":false},"featured_media":22108,"comment_status":"open","ping_status":"closed","template":"","meta":{"_acf_changed":false},"product_brand":[],"product_cat":[297,50,98,111,119,251],"product_tag":[],"class_list":{"0":"post-22702","1":"product","2":"type-product","3":"status-publish","4":"has-post-thumbnail","6":"product_cat-tilbudshjoerne","7":"product_cat-fagelfron-fagelmat-pa-rea","8":"product_cat-fuglefoder","9":"product_cat-fuglefro-og-fuglefoder-pa-udsalg","10":"product_cat-jordnodder","11":"product_cat-jordnodder-med-skal","12":"product_group-15kg-sack","14":"first","15":"outofstock","16":"sale","17":"taxable","18":"shipping-taxable","19":"purchasable","20":"product-type-simple"},"bundled_by":[],"bundle_stock_status":"outofstock","bundle_stock_quantity":0,"bundle_virtual":false,"bundle_layout":"","bundle_add_to_cart_form_location":"","bundle_editable_in_cart":false,"bundle_sold_individually_context":"","bundle_item_grouping":"","bundle_min_size":"","bundle_max_size":"","bundle_price":[],"bundled_items":[],"bundle_sell_ids":[],"acf":[],"_links":{"self":[{"href":"https:\/\/pippifoder.se\/da\/wp-json\/wp\/v2\/product\/22702","targetHints":{"allow":["GET"]}}],"collection":[{"href":"https:\/\/pippifoder.se\/da\/wp-json\/wp\/v2\/product"}],"about":[{"href":"https:\/\/pippifoder.se\/da\/wp-json\/wp\/v2\/types\/product"}],"replies":[{"embeddable":true,"href":"https:\/\/pippifoder.se\/da\/wp-json\/wp\/v2\/comments?post=22702"}],"wp:featuredmedia":[{"embeddable":true,"href":"https:\/\/pippifoder.se\/da\/wp-json\/wp\/v2\/media\/22108"}],"wp:attachment":[{"href":"https:\/\/pippifoder.se\/da\/wp-json\/wp\/v2\/media?parent=22702"}],"wp:term":[{"taxonomy":"product_brand","embeddable":true,"href":"https:\/\/pippifoder.se\/da\/wp-json\/wp\/v2\/product_brand?post=22702"},{"taxonomy":"product_cat","embeddable":true,"href":"https:\/\/pippifoder.se\/da\/wp-json\/wp\/v2\/product_cat?post=22702"},{"taxonomy":"product_tag","embeddable":true,"href":"https:\/\/pippifoder.se\/da\/wp-json\/wp\/v2\/product_tag?post=22702"}],"curies":[{"name":"wp","href":"https:\/\/api.w.org\/{rel}","templated":true}]}}