{"id":22563,"date":"2025-02-02T19:16:23","date_gmt":"2025-02-02T19:16:23","guid":{"rendered":"https:\/\/pippifoder.se\/Ikke kategoriseret\/blomstra-tomatnaering-750-ml\/"},"modified":"2025-02-02T19:16:23","modified_gmt":"2025-02-02T19:16:23","slug":"blomstra-tomatnaering-750-ml","status":"publish","type":"product","link":"https:\/\/pippifoder.se\/da\/produkt\/tradgard-da\/planteernaering\/blomstra-tomatnaering-750-ml\/","title":{"rendered":"Blomstra Tomatn\u00e6ring 750 ml"},"content":{"rendered":"","protected":false},"excerpt":{"rendered":"<p>Blomstra tomatn\u00e6ring er et avanceret planteern\u00e6ringsprodukt baseret p\u00e5 prisbel\u00f8nnet forskning fra Sveriges Landbrugsuniversitet.<\/p>\n<p>Dette specialudviklede n\u00e6ringsstof indeholder alle essentielle n\u00e6ringsstoffer i perfekt balance, hvilket sikrer optimal v\u00e6kst og reduceret milj\u00f8p\u00e5virkning. Ved at vande med Blomstra tomatn\u00e6ring f\u00e5r dine tomatplanter den rette n\u00e6ring p\u00e5 alle udviklingstrin &#8211; fra spiring til h\u00f8st &#8211; hvilket resulterer i st\u00e6rke planter, rigelige h\u00f8stm\u00e6ngder og ekstra smagfulde tomater. <\/p>\n<ul>\n<li><strong>Anvendelse:<\/strong> Tils\u00e6t ved hver vanding for at opn\u00e5 de bedste resultater<\/li>\n<li><strong>Dosering:<\/strong> 2 ml pr. liter vand<\/li>\n<li><strong>Indhold:<\/strong> 750 ml er nok til 375 liter vandingsvand.<\/li>\n<li><strong>Fordele:<\/strong><br \/>\n\u2705 Optimeret ern\u00e6ringsm\u00e6ssig sammens\u00e6tning for tomater<br \/>\n\u2705 H\u00e6tte med indbygget doseringsm\u00e5l<br \/>\n\u2705 T\u00f8r og effektiv<\/li>\n<\/ul>\n<p>Giv dine tomatplanter de bedste betingelser for en rigelig og velsmagende h\u00f8st med Blomstra! \ud83c\udf45\u2728 <\/p>\n","protected":false},"featured_media":20500,"comment_status":"open","ping_status":"closed","template":"","meta":{"_acf_changed":false},"product_brand":[],"product_cat":[309],"product_tag":[],"class_list":{"0":"post-22563","1":"product","2":"type-product","3":"status-publish","4":"has-post-thumbnail","6":"product_cat-planteernaering","8":"first","9":"instock","10":"taxable","11":"shipping-taxable","12":"purchasable","13":"product-type-simple"},"bundled_by":[],"bundle_stock_status":"instock","bundle_stock_quantity":26,"bundle_virtual":false,"bundle_layout":"","bundle_add_to_cart_form_location":"","bundle_editable_in_cart":false,"bundle_sold_individually_context":"","bundle_item_grouping":"","bundle_min_size":"","bundle_max_size":"","bundle_price":[],"bundled_items":[],"bundle_sell_ids":[],"acf":[],"_links":{"self":[{"href":"https:\/\/pippifoder.se\/da\/wp-json\/wp\/v2\/product\/22563","targetHints":{"allow":["GET"]}}],"collection":[{"href":"https:\/\/pippifoder.se\/da\/wp-json\/wp\/v2\/product"}],"about":[{"href":"https:\/\/pippifoder.se\/da\/wp-json\/wp\/v2\/types\/product"}],"replies":[{"embeddable":true,"href":"https:\/\/pippifoder.se\/da\/wp-json\/wp\/v2\/comments?post=22563"}],"wp:featuredmedia":[{"embeddable":true,"href":"https:\/\/pippifoder.se\/da\/wp-json\/wp\/v2\/media\/20500"}],"wp:attachment":[{"href":"https:\/\/pippifoder.se\/da\/wp-json\/wp\/v2\/media?parent=22563"}],"wp:term":[{"taxonomy":"product_brand","embeddable":true,"href":"https:\/\/pippifoder.se\/da\/wp-json\/wp\/v2\/product_brand?post=22563"},{"taxonomy":"product_cat","embeddable":true,"href":"https:\/\/pippifoder.se\/da\/wp-json\/wp\/v2\/product_cat?post=22563"},{"taxonomy":"product_tag","embeddable":true,"href":"https:\/\/pippifoder.se\/da\/wp-json\/wp\/v2\/product_tag?post=22563"}],"curies":[{"name":"wp","href":"https:\/\/api.w.org\/{rel}","templated":true}]}}