{"id":22546,"date":"2025-02-13T12:43:47","date_gmt":"2025-02-13T12:43:47","guid":{"rendered":"https:\/\/pippifoder.se\/Ikke kategoriseret\/fynd-20-kg-oekologiske-afskallede-solsikkefroe-i-en-toende\/"},"modified":"2026-03-04T13:40:50","modified_gmt":"2026-03-04T13:40:50","slug":"fynd-20-kg-oekologiske-afskallede-solsikkefroe-i-en-toende","status":"publish","type":"product","link":"https:\/\/pippifoder.se\/da\/produkt\/tilbudshjoerne\/fynd-20-kg-oekologiske-afskallede-solsikkefroe-i-en-toende\/","title":{"rendered":"FYND &#8211; 20 kg \u00f8kologiske afskallede solsikkefr\u00f8 i en t\u00f8nde"},"content":{"rendered":"","protected":false},"excerpt":{"rendered":"<p>Ca. 20 kg \u00f8kologiske afskallede solsikkefr\u00f8 i en gr\u00f8n fodert\u00f8nde. BEM\u00c6RK, der er ingen s\u00e6k i t\u00f8nden, fr\u00f8ene er fra \u00f8delagte s\u00e6kke, som vi har h\u00e6ldt i en fodert\u00f8nde. Der er ikke noget galt med foderet, men vi kan ikke s\u00e6lge det, n\u00e5r s\u00e6kken er g\u00e5et i stykker.  <\/p>\n","protected":false},"featured_media":27735,"comment_status":"open","ping_status":"closed","template":"","meta":{"_acf_changed":false},"product_brand":[],"product_cat":[297,50,98,111,121,120],"product_tag":[],"class_list":{"0":"post-22546","1":"product","2":"type-product","3":"status-publish","4":"has-post-thumbnail","6":"product_cat-tilbudshjoerne","7":"product_cat-fagelfron-fagelmat-pa-rea","8":"product_cat-fuglefoder","9":"product_cat-fuglefro-og-fuglefoder-pa-udsalg","10":"product_cat-solsikkefro-da","11":"product_cat-solsikkefro","12":"product_group-25kg-sack","14":"first","15":"outofstock","16":"sale","17":"taxable","18":"shipping-taxable","19":"purchasable","20":"product-type-simple"},"bundled_by":[],"bundle_stock_status":"outofstock","bundle_stock_quantity":0,"bundle_virtual":false,"bundle_layout":"","bundle_add_to_cart_form_location":"","bundle_editable_in_cart":false,"bundle_sold_individually_context":"","bundle_item_grouping":"","bundle_min_size":"","bundle_max_size":"","bundle_price":[],"bundled_items":[],"bundle_sell_ids":[],"acf":[],"_links":{"self":[{"href":"https:\/\/pippifoder.se\/da\/wp-json\/wp\/v2\/product\/22546","targetHints":{"allow":["GET"]}}],"collection":[{"href":"https:\/\/pippifoder.se\/da\/wp-json\/wp\/v2\/product"}],"about":[{"href":"https:\/\/pippifoder.se\/da\/wp-json\/wp\/v2\/types\/product"}],"replies":[{"embeddable":true,"href":"https:\/\/pippifoder.se\/da\/wp-json\/wp\/v2\/comments?post=22546"}],"wp:featuredmedia":[{"embeddable":true,"href":"https:\/\/pippifoder.se\/da\/wp-json\/wp\/v2\/media\/27735"}],"wp:attachment":[{"href":"https:\/\/pippifoder.se\/da\/wp-json\/wp\/v2\/media?parent=22546"}],"wp:term":[{"taxonomy":"product_brand","embeddable":true,"href":"https:\/\/pippifoder.se\/da\/wp-json\/wp\/v2\/product_brand?post=22546"},{"taxonomy":"product_cat","embeddable":true,"href":"https:\/\/pippifoder.se\/da\/wp-json\/wp\/v2\/product_cat?post=22546"},{"taxonomy":"product_tag","embeddable":true,"href":"https:\/\/pippifoder.se\/da\/wp-json\/wp\/v2\/product_tag?post=22546"}],"curies":[{"name":"wp","href":"https:\/\/api.w.org\/{rel}","templated":true}]}}