{"id":21817,"date":"2025-02-17T09:43:46","date_gmt":"2025-02-17T09:43:46","guid":{"rendered":"https:\/\/pippifoder.se\/?post_type=product&#038;p=21817"},"modified":"2026-04-03T05:03:27","modified_gmt":"2026-04-03T05:03:27","slug":"kyllingemusli-25-kg-kopia","status":"publish","type":"product","link":"https:\/\/pippifoder.se\/da\/produkt\/kyllinger\/foder-og-mad-til-kyllinger\/kyllingemusli-25-kg-kopia\/","title":{"rendered":"Kyllingem\u00fcsli 10 kg"},"content":{"rendered":"","protected":false},"excerpt":{"rendered":"<p>10 kg kyllingem\u00fcsli, produceret i Sverige. Kyllingem\u00fcsli er et tilskudsfoder til kyllinger i alderen 0-10 uger. Beriget med h\u00f8jt proteinindhold af kun naturlige produkter. Kyllingem\u00fcsli indeholder: Knust byg, Knust <a href=\"https:\/\/pippifoder.se\/fi\/produkt\/kanat\/kanojen-rehu-ja-ruoka\/maissin-murskaus-25kg\/\">majs<\/a>, Knuste \u00e6rter, Gul hirse, Kanariefr\u00f8, <a href=\"https:\/\/pippifoder.se\/fi\/produkt\/lintujen-ruokaa\/linnunsiemen\/alasti-kaura-25kg\/\">N\u00f8gen havre<\/a>, Vegetabilsk olie.   <\/p>\n","protected":false},"featured_media":23647,"comment_status":"closed","ping_status":"closed","template":"","meta":{"_acf_changed":false},"product_brand":[],"product_cat":[118,99,98],"product_tag":[],"class_list":{"0":"post-21817","1":"product","2":"type-product","3":"status-publish","4":"has-post-thumbnail","6":"product_cat-foder-og-mad-til-kyllinger","7":"product_cat-fro-og-foder-til-vilde-fugle","8":"product_cat-fuglefoder","10":"first","11":"instock","12":"taxable","13":"shipping-taxable","14":"purchasable","15":"product-type-simple"},"bundled_by":[],"bundle_stock_status":"instock","bundle_stock_quantity":43,"bundle_virtual":false,"bundle_layout":"","bundle_add_to_cart_form_location":"","bundle_editable_in_cart":false,"bundle_sold_individually_context":"","bundle_item_grouping":"","bundle_min_size":"","bundle_max_size":"","bundle_price":[],"bundled_items":[],"bundle_sell_ids":[],"acf":[],"_links":{"self":[{"href":"https:\/\/pippifoder.se\/da\/wp-json\/wp\/v2\/product\/21817","targetHints":{"allow":["GET"]}}],"collection":[{"href":"https:\/\/pippifoder.se\/da\/wp-json\/wp\/v2\/product"}],"about":[{"href":"https:\/\/pippifoder.se\/da\/wp-json\/wp\/v2\/types\/product"}],"replies":[{"embeddable":true,"href":"https:\/\/pippifoder.se\/da\/wp-json\/wp\/v2\/comments?post=21817"}],"wp:featuredmedia":[{"embeddable":true,"href":"https:\/\/pippifoder.se\/da\/wp-json\/wp\/v2\/media\/23647"}],"wp:attachment":[{"href":"https:\/\/pippifoder.se\/da\/wp-json\/wp\/v2\/media?parent=21817"}],"wp:term":[{"taxonomy":"product_brand","embeddable":true,"href":"https:\/\/pippifoder.se\/da\/wp-json\/wp\/v2\/product_brand?post=21817"},{"taxonomy":"product_cat","embeddable":true,"href":"https:\/\/pippifoder.se\/da\/wp-json\/wp\/v2\/product_cat?post=21817"},{"taxonomy":"product_tag","embeddable":true,"href":"https:\/\/pippifoder.se\/da\/wp-json\/wp\/v2\/product_tag?post=21817"}],"curies":[{"name":"wp","href":"https:\/\/api.w.org\/{rel}","templated":true}]}}