{"id":21503,"date":"2025-02-13T06:34:40","date_gmt":"2025-02-13T06:34:40","guid":{"rendered":"https:\/\/pippifoder.se\/?post_type=product&#038;p=21503"},"modified":"2025-11-23T16:38:46","modified_gmt":"2025-11-23T16:38:46","slug":"maksimeret-foderkasse-til-fugle-kopia","status":"publish","type":"product","link":"https:\/\/pippifoder.se\/da\/produkt\/fuglefoder\/fro-og-foder-til-vilde-fugle\/maksimeret-foderkasse-til-fugle-kopia\/","title":{"rendered":"Maxed fuglefoderkasse &#8211; 25 kg poser"},"content":{"rendered":"","protected":false},"excerpt":{"rendered":"<p>Vores maxede fuglefoderkasse er spr\u00e6ngfyldt med vores mest popul\u00e6re fuglefoder: <strong>2 x 15 kg poser med afskallede solsikkefr\u00f8, 1 x 10 kg pose med jordn\u00f8dder og 4 x spande med 50 talgkugler (200 i alt).<\/strong> Alt sammen n\u00f8je udvalgt til at passe pr\u00e6cis i to kasser og maksimere m\u00e6ngden af fuglefoder, vi kan f\u00e5! Og til en reduceret pris, godt for din tegnebog, milj\u00f8et og fuglene!  <\/p>\n","protected":false},"featured_media":6493,"comment_status":"closed","ping_status":"closed","template":"","meta":{"_acf_changed":false},"product_brand":[],"product_cat":[50,99,98,111],"product_tag":[],"class_list":{"0":"post-21503","1":"product","2":"type-product","3":"status-publish","4":"has-post-thumbnail","6":"product_cat-fagelfron-fagelmat-pa-rea","7":"product_cat-fro-og-foder-til-vilde-fugle","8":"product_cat-fuglefoder","9":"product_cat-fuglefro-og-fuglefoder-pa-udsalg","11":"first","12":"instock","13":"sale","14":"taxable","15":"shipping-taxable","16":"purchasable","17":"product-type-bundle"},"bundled_by":[],"bundle_stock_status":"instock","bundle_stock_quantity":270,"bundle_virtual":false,"bundle_layout":"default","bundle_add_to_cart_form_location":"default","bundle_editable_in_cart":false,"bundle_sold_individually_context":"product","bundle_item_grouping":"parent","bundle_min_size":"","bundle_max_size":"","bundle_price":{"price":{"min":{"incl_tax":"1539","excl_tax":"1231.2"},"max":{"incl_tax":"1539","excl_tax":"1231.2"}},"regular_price":{"min":{"incl_tax":"1649","excl_tax":"1319.2"},"max":{"incl_tax":"1649","excl_tax":"1319.2"}}},"bundled_items":[{"bundled_item_id":50,"product_id":9264,"menu_order":1,"quantity_min":1,"quantity_max":1,"quantity_default":1,"priced_individually":false,"shipped_individually":false,"override_title":false,"title":"Afskallede solsikkefr\u00f8 25 kg","override_description":false,"description":"Afskallede solsikkefr\u00f8 25 kg","optional":false,"hide_thumbnail":false,"discount":"","override_variations":false,"allowed_variations":[""],"override_default_variation_attributes":false,"default_variation_attributes":[],"single_product_visibility":"visible","cart_visibility":"visible","order_visibility":"visible","single_product_price_visibility":"visible","cart_price_visibility":"visible","order_price_visibility":"visible","stock_status":"in_stock"},{"bundled_item_id":51,"product_id":9431,"menu_order":2,"quantity_min":1,"quantity_max":1,"quantity_default":1,"priced_individually":false,"shipped_individually":false,"override_title":false,"title":"Afskallede jordn\u00f8dder til fugle 25 kg","override_description":false,"description":"Afskallede jordn\u00f8dder til fugle 25 kg","optional":false,"hide_thumbnail":false,"discount":"","override_variations":false,"allowed_variations":[""],"override_default_variation_attributes":false,"default_variation_attributes":[],"single_product_visibility":"visible","cart_visibility":"visible","order_visibility":"visible","single_product_price_visibility":"visible","cart_price_visibility":"visible","order_price_visibility":"visible","stock_status":"in_stock"},{"bundled_item_id":178,"product_id":9280,"menu_order":2,"quantity_min":4,"quantity_max":4,"quantity_default":4,"priced_individually":false,"shipped_individually":false,"override_title":false,"title":"Talgkugler uden net i spand (50 stk.)","override_description":false,"description":"Talgkugler uden net i spand (50 stk.)","optional":false,"hide_thumbnail":false,"discount":"","override_variations":false,"allowed_variations":[""],"override_default_variation_attributes":false,"default_variation_attributes":[],"single_product_visibility":"visible","cart_visibility":"visible","order_visibility":"visible","single_product_price_visibility":"visible","cart_price_visibility":"visible","order_price_visibility":"visible","stock_status":"in_stock"}],"bundle_sell_ids":[],"acf":[],"_links":{"self":[{"href":"https:\/\/pippifoder.se\/da\/wp-json\/wp\/v2\/product\/21503","targetHints":{"allow":["GET"]}}],"collection":[{"href":"https:\/\/pippifoder.se\/da\/wp-json\/wp\/v2\/product"}],"about":[{"href":"https:\/\/pippifoder.se\/da\/wp-json\/wp\/v2\/types\/product"}],"replies":[{"embeddable":true,"href":"https:\/\/pippifoder.se\/da\/wp-json\/wp\/v2\/comments?post=21503"}],"wp:featuredmedia":[{"embeddable":true,"href":"https:\/\/pippifoder.se\/da\/wp-json\/wp\/v2\/media\/6493"}],"wp:attachment":[{"href":"https:\/\/pippifoder.se\/da\/wp-json\/wp\/v2\/media?parent=21503"}],"wp:term":[{"taxonomy":"product_brand","embeddable":true,"href":"https:\/\/pippifoder.se\/da\/wp-json\/wp\/v2\/product_brand?post=21503"},{"taxonomy":"product_cat","embeddable":true,"href":"https:\/\/pippifoder.se\/da\/wp-json\/wp\/v2\/product_cat?post=21503"},{"taxonomy":"product_tag","embeddable":true,"href":"https:\/\/pippifoder.se\/da\/wp-json\/wp\/v2\/product_tag?post=21503"}],"curies":[{"name":"wp","href":"https:\/\/api.w.org\/{rel}","templated":true}]}}