{"id":21121,"date":"2025-02-07T07:34:54","date_gmt":"2025-02-07T07:34:54","guid":{"rendered":"https:\/\/pippifoder.se\/?post_type=product&#038;p=21121"},"modified":"2025-03-01T08:02:38","modified_gmt":"2025-03-01T08:02:38","slug":"wildlife-garden-decobird-gul-spurv-kopia-kopia-6","status":"publish","type":"product","link":"https:\/\/pippifoder.se\/da\/produkt\/tilbehor\/skovfugle\/wildlife-garden-decobird-gul-spurv-kopia-kopia-6\/","title":{"rendered":"H\u00e5ndsk\u00e5ret fugl i halvt tr\u00e6 &#8211; solsort"},"content":{"rendered":"<h2>H\u00e5ndsk\u00e5ret gul spurv i tr\u00e6<\/h2>\n<p>DecoBird Yellow Sparrow er en livagtig tr\u00e6fugl, som er udsk\u00e5ret og malet i h\u00e5nden i milj\u00f8venlige farver.<br \/>\nDen leveres i en gave\u00e6ske med vindue.<br \/>\nHver fugl leveres med et lille h\u00e6fte med oplysninger om arten.<br \/>\nDecoBird-sortimentet udvides hele tiden med nye arter.<br \/>\nMangler din favorit?<br \/>\nKontakt os venligst!     <\/p>\n<h3>Gulspurv p\u00e5 andre sprog:<\/h3>\n<p>Videnskabeligt navn: Emberiza citrinella Engelsk: Yellowhammer Tysk: Goldammer Fransk: Bruant jaune Italiensk: Zigolo Giallo Hollandsk: Geelgors Spansk: Escribano Cerillo<\/p>\n","protected":false},"excerpt":{"rendered":"<p>Denne smukke solsort er halv og egner sig bedst til at h\u00e6nge p\u00e5 en v\u00e6g. Solsorten er skabt af tr\u00e6sk\u00e6rer Thomas Anstrin fra Alings\u00e5s, som er en af Sveriges f\u00f8rende tr\u00e6sk\u00e6rere af fugle. <\/p>\n","protected":false},"featured_media":21125,"comment_status":"open","ping_status":"closed","template":"","meta":{"_acf_changed":false},"product_brand":[],"product_cat":[303,149],"product_tag":[],"class_list":{"0":"post-21121","1":"product","2":"type-product","3":"status-publish","4":"has-post-thumbnail","6":"product_cat-skovfugle","7":"product_cat-tilbehor","8":"product_shipping_class-sverige-da","10":"first","11":"instock","12":"taxable","13":"shipping-taxable","14":"purchasable","15":"product-type-simple"},"bundled_by":[],"bundle_stock_status":"instock","bundle_stock_quantity":1,"bundle_virtual":false,"bundle_layout":"","bundle_add_to_cart_form_location":"","bundle_editable_in_cart":false,"bundle_sold_individually_context":"","bundle_item_grouping":"","bundle_min_size":"","bundle_max_size":"","bundle_price":[],"bundled_items":[],"bundle_sell_ids":[],"acf":[],"_links":{"self":[{"href":"https:\/\/pippifoder.se\/da\/wp-json\/wp\/v2\/product\/21121","targetHints":{"allow":["GET"]}}],"collection":[{"href":"https:\/\/pippifoder.se\/da\/wp-json\/wp\/v2\/product"}],"about":[{"href":"https:\/\/pippifoder.se\/da\/wp-json\/wp\/v2\/types\/product"}],"replies":[{"embeddable":true,"href":"https:\/\/pippifoder.se\/da\/wp-json\/wp\/v2\/comments?post=21121"}],"wp:featuredmedia":[{"embeddable":true,"href":"https:\/\/pippifoder.se\/da\/wp-json\/wp\/v2\/media\/21125"}],"wp:attachment":[{"href":"https:\/\/pippifoder.se\/da\/wp-json\/wp\/v2\/media?parent=21121"}],"wp:term":[{"taxonomy":"product_brand","embeddable":true,"href":"https:\/\/pippifoder.se\/da\/wp-json\/wp\/v2\/product_brand?post=21121"},{"taxonomy":"product_cat","embeddable":true,"href":"https:\/\/pippifoder.se\/da\/wp-json\/wp\/v2\/product_cat?post=21121"},{"taxonomy":"product_tag","embeddable":true,"href":"https:\/\/pippifoder.se\/da\/wp-json\/wp\/v2\/product_tag?post=21121"}],"curies":[{"name":"wp","href":"https:\/\/api.w.org\/{rel}","templated":true}]}}