{"id":20977,"date":"2025-02-06T08:21:05","date_gmt":"2025-02-06T08:21:05","guid":{"rendered":"https:\/\/pippifoder.se\/?post_type=product&#038;p=20977"},"modified":"2026-04-26T11:23:13","modified_gmt":"2026-04-26T09:23:13","slug":"fodring-af-fugle-alt-hvad-du-behover-at-vide-kopia","status":"publish","type":"product","link":"https:\/\/pippifoder.se\/da\/produkt\/tilbehor\/boger\/fodring-af-fugle-alt-hvad-du-behover-at-vide-kopia\/","title":{"rendered":"Fuglenes have"},"content":{"rendered":"<h2><strong>Produktinformation: Fuglehave<\/strong><\/h2>\n<p><strong>Information om produktet<\/strong><br \/>\n<strong>Forfattere: <\/strong>Niklas Aronsson, Eva Stenv\u00e5ng-Lindkvist<br \/>\n<strong>Redakt\u00f8r:<\/strong> Anders Wirdheim<br \/>\n<strong>ISBN:<\/strong> 9789188124524<br \/>\n<strong>Sprog: <\/strong>Svensk<br \/>\n<strong>V\u00e6gt: <\/strong>700 gram<br \/>\n<strong>Udgivet:<\/strong> 2013<br \/>\n<strong>Udgiver:<\/strong> SOF F\u00f6rlag<br \/>\n<strong>Antal sider:<\/strong> 200<\/p>\n","protected":false},"excerpt":{"rendered":"<p><strong>Fugle er en vigtig del af havemilj\u00f8et.<\/strong><\/p>\n<p>Om for\u00e5ret kan du nyde deres sang, til sidst f\u00f8lge deres yngleadf\u00e6rd omkring reder og sovepladser, og om vinteren s\u00f8rger de for stor underholdning, n\u00e5r de bes\u00f8ger fuglerestauranten. The Garden of Birds er en rigt illustreret guide og inspirationskilde for haveentusiaster, der \u00f8nsker at l\u00e6re mere om de fugle, der frekventerer vores haver. Bogen introducerer de mest almindelige arter og beskriver de levesteder, de foretr\u00e6kker, hvad de spiser, og hvordan de lever. Den beskriver i detaljer, hvordan man kan planl\u00e6gge sin have, s\u00e5 fuglene trives, og giver tips om egnede planter. Der er masser af ideer til vinterfuglefoder, og der er ogs\u00e5 et kapitel om redekasser.    <\/p>\n","protected":false},"featured_media":20981,"comment_status":"open","ping_status":"closed","template":"","meta":{"_acf_changed":false},"product_brand":[],"product_cat":[306,111,133,571,149],"product_tag":[],"class_list":{"0":"post-20977","1":"product","2":"type-product","3":"status-publish","4":"has-post-thumbnail","6":"product_cat-boger","7":"product_cat-fuglefro-og-fuglefoder-pa-udsalg","8":"product_cat-fuglefro-og-fuglemat-pa-salg","9":"product_cat-julegaveideer-til-fugleelskere-i-2025","10":"product_cat-tilbehor","11":"product_shipping_class-sverige-da","12":"product_group-lokar-2kg","14":"first","15":"instock","16":"sale","17":"taxable","18":"shipping-taxable","19":"purchasable","20":"product-type-simple"},"bundled_by":[],"bundle_stock_status":"instock","bundle_stock_quantity":17,"bundle_virtual":false,"bundle_layout":"","bundle_add_to_cart_form_location":"","bundle_editable_in_cart":false,"bundle_sold_individually_context":"","bundle_item_grouping":"","bundle_min_size":"","bundle_max_size":"","bundle_price":[],"bundled_items":[],"bundle_sell_ids":[],"acf":[],"_links":{"self":[{"href":"https:\/\/pippifoder.se\/da\/wp-json\/wp\/v2\/product\/20977","targetHints":{"allow":["GET"]}}],"collection":[{"href":"https:\/\/pippifoder.se\/da\/wp-json\/wp\/v2\/product"}],"about":[{"href":"https:\/\/pippifoder.se\/da\/wp-json\/wp\/v2\/types\/product"}],"replies":[{"embeddable":true,"href":"https:\/\/pippifoder.se\/da\/wp-json\/wp\/v2\/comments?post=20977"}],"wp:featuredmedia":[{"embeddable":true,"href":"https:\/\/pippifoder.se\/da\/wp-json\/wp\/v2\/media\/20981"}],"wp:attachment":[{"href":"https:\/\/pippifoder.se\/da\/wp-json\/wp\/v2\/media?parent=20977"}],"wp:term":[{"taxonomy":"product_brand","embeddable":true,"href":"https:\/\/pippifoder.se\/da\/wp-json\/wp\/v2\/product_brand?post=20977"},{"taxonomy":"product_cat","embeddable":true,"href":"https:\/\/pippifoder.se\/da\/wp-json\/wp\/v2\/product_cat?post=20977"},{"taxonomy":"product_tag","embeddable":true,"href":"https:\/\/pippifoder.se\/da\/wp-json\/wp\/v2\/product_tag?post=20977"}],"curies":[{"name":"wp","href":"https:\/\/api.w.org\/{rel}","templated":true}]}}