{"id":20090,"date":"2024-09-18T18:48:13","date_gmt":"2024-09-18T18:48:13","guid":{"rendered":"https:\/\/pippifoder.se\/Ikke kategoriseret\/kyllingefoder-med-stroeelse-25-kg-2\/"},"modified":"2024-09-18T18:48:13","modified_gmt":"2024-09-18T18:48:13","slug":"kyllingefoder-med-stroeelse-25-kg-2","status":"publish","type":"product","link":"https:\/\/pippifoder.se\/da\/produkt\/fagelmat\/kyllingefoder-med-stroeelse-25-kg-2\/","title":{"rendered":"Kyllingefoder med str\u00f8else 25 kg"},"content":{"rendered":"<p>Optimer dine h\u00f8ners sundhed med Pippifoders &#8220;Hen Food Laying Pellets&#8221;, et svenskproduceret og vegetabilsk baseret fuldfoder, der er tilpasset \u00e6gl\u00e6ggende h\u00f8ns og andet fjerkr\u00e6.<br \/>\nDette fjerkr\u00e6foder er perfekt til at st\u00f8tte \u00e6gproduktionen og sikrer, at dit fjerkr\u00e6 f\u00e5r alle de n\u00f8dvendige n\u00e6ringsstoffer for et optimalt helbred.<br \/>\nDette alsidige foder er velegnet til en r\u00e6kke \u00e6gl\u00e6ggende fjerkr\u00e6 som \u00e6nder, g\u00e6s, fasaner og kalkuner.<br \/>\nDet anbefalede daglige indtag er mellem 100 og 350 g afh\u00e6ngigt af race og alder og b\u00f8r tilpasses det enkelte individs behov og sundhedstilstand.<br \/>\nFor at forbedre skalkvaliteten anbefales det at supplere med muslingeskaller som en ekstra kilde til calcium.<br \/>\nFor at holde dit fjerkr\u00e6 aktivt skal du give dem mulighed for at g\u00e5 udenfor eller adgang til lucerne, hvilket ogs\u00e5 forbedrer blommen yderligere.<br \/>\nS\u00f8rg for at have fri adgang til vand hele tiden, og tjek fuglenes generelle tilstand regelm\u00e6ssigt for at justere foderindtaget. <\/p>\n","protected":false},"excerpt":{"rendered":"<p>Foderpiller til \u00e6gl\u00e6ggende kyllinger 25 kg, produceret i Sverige. Kyllingepiller er et fuldfoder til kyllinger. Kyllingepiller indeholder: Byg, lucerne, hvede, havre, hvedeklid. Foderet er et svenskproduceret vegetabilsk fuldfoder, der opfylder de grundl\u00e6ggende behov hos \u00e6gl\u00e6ggende fjerkr\u00e6 til deres \u00e6gproduktion.   <\/p>\n","protected":false},"featured_media":0,"comment_status":"closed","ping_status":"closed","template":"","meta":{"_acf_changed":false},"product_brand":[],"product_cat":[15],"product_tag":[],"class_list":{"0":"post-20090","1":"product","2":"type-product","3":"status-publish","5":"product_cat-fagelmat","7":"first","8":"instock","9":"taxable","10":"shipping-taxable","11":"product-type-simple"},"bundled_by":[],"bundle_stock_status":"instock","bundle_stock_quantity":null,"bundle_virtual":false,"bundle_layout":"","bundle_add_to_cart_form_location":"","bundle_editable_in_cart":false,"bundle_sold_individually_context":"","bundle_item_grouping":"","bundle_min_size":"","bundle_max_size":"","bundle_price":[],"bundled_items":[],"bundle_sell_ids":[],"acf":[],"_links":{"self":[{"href":"https:\/\/pippifoder.se\/da\/wp-json\/wp\/v2\/product\/20090","targetHints":{"allow":["GET"]}}],"collection":[{"href":"https:\/\/pippifoder.se\/da\/wp-json\/wp\/v2\/product"}],"about":[{"href":"https:\/\/pippifoder.se\/da\/wp-json\/wp\/v2\/types\/product"}],"replies":[{"embeddable":true,"href":"https:\/\/pippifoder.se\/da\/wp-json\/wp\/v2\/comments?post=20090"}],"wp:attachment":[{"href":"https:\/\/pippifoder.se\/da\/wp-json\/wp\/v2\/media?parent=20090"}],"wp:term":[{"taxonomy":"product_brand","embeddable":true,"href":"https:\/\/pippifoder.se\/da\/wp-json\/wp\/v2\/product_brand?post=20090"},{"taxonomy":"product_cat","embeddable":true,"href":"https:\/\/pippifoder.se\/da\/wp-json\/wp\/v2\/product_cat?post=20090"},{"taxonomy":"product_tag","embeddable":true,"href":"https:\/\/pippifoder.se\/da\/wp-json\/wp\/v2\/product_tag?post=20090"}],"curies":[{"name":"wp","href":"https:\/\/api.w.org\/{rel}","templated":true}]}}