{"id":20089,"date":"2024-09-18T18:48:13","date_gmt":"2024-09-18T16:48:13","guid":{"rendered":"https:\/\/pippifoder.se\/Ikke%20kategoriseret\/kyllingefoder-med-stroeelse-25-kg\/"},"modified":"2026-04-19T20:06:39","modified_gmt":"2026-04-19T18:06:39","slug":"kyllingefoder-med-stroeelse-25-kg","status":"publish","type":"product","link":"https:\/\/pippifoder.se\/da\/produkt\/kyllinger\/foder-og-mad-til-kyllinger\/kyllingefoder-med-stroeelse-25-kg\/","title":{"rendered":"Kyllingefoder med str\u00f8else 25 kg"},"content":{"rendered":"<p>Optimer dine h\u00f8ners sundhed med Pippifoders &#8220;Hen Food Laying Pellets&#8221;, et svenskproduceret og vegetabilsk baseret fuldfoder, der er tilpasset \u00e6gl\u00e6ggende h\u00f8ns og andet fjerkr\u00e6. Dette fjerkr\u00e6foder er perfekt til at st\u00f8tte \u00e6gproduktionen og sikrer, at dit fjerkr\u00e6 f\u00e5r alle de n\u00f8dvendige n\u00e6ringsstoffer for et optimalt helbred. <\/p>\n<p>Dette alsidige foder er velegnet til en lang r\u00e6kke \u00e6gl\u00e6ggende fjerkr\u00e6 som \u00e6nder, g\u00e6s, fasaner og kalkuner.<\/p>\n<p>Det anbefalede daglige indtag er mellem 100 og 350 g afh\u00e6ngigt af race og alder og b\u00f8r tilpasses den enkeltes behov og sundhedstilstand. For at forbedre skallens kvalitet anbefales det at supplere med muslingeskaller som en ekstra kilde til calcium. For at holde dit fjerkr\u00e6 aktivt skal du give dem mulighed for at g\u00e5 udenfor eller adgang til lucerne, hvilket ogs\u00e5 forbedrer blommen yderligere. S\u00f8rg for at have fri adgang til vand hele tiden, og tjek fuglenes generelle tilstand regelm\u00e6ssigt for at justere foderindtaget.   <\/p>\n","protected":false},"excerpt":{"rendered":"<p>Foderpiller til \u00e6gl\u00e6ggende kyllinger 25 kg, produceret i Sverige. Kyllingepiller er et fuldfoder til kyllinger. Kyllingepiller indeholder: Byg, lucerne, hvede, havre, hvedeklid. Foderet er et svenskproduceret vegetabilsk fuldfoder, der opfylder de grundl\u00e6ggende behov hos \u00e6gl\u00e6ggende fjerkr\u00e6 til deres \u00e6gproduktion.   <\/p>\n","protected":false},"featured_media":9766,"comment_status":"closed","ping_status":"closed","template":"","meta":{"_acf_changed":false},"product_brand":[],"product_cat":[118,99,98],"product_tag":[],"class_list":{"0":"post-20089","1":"product","2":"type-product","3":"status-publish","4":"has-post-thumbnail","6":"product_cat-foder-og-mad-til-kyllinger","7":"product_cat-fro-og-foder-til-vilde-fugle","8":"product_cat-fuglefoder","10":"first","11":"instock","12":"taxable","13":"shipping-taxable","14":"purchasable","15":"product-type-simple"},"bundled_by":[],"bundle_stock_status":"instock","bundle_stock_quantity":63,"bundle_virtual":false,"bundle_layout":"","bundle_add_to_cart_form_location":"","bundle_editable_in_cart":false,"bundle_sold_individually_context":"","bundle_item_grouping":"","bundle_min_size":"","bundle_max_size":"","bundle_price":[],"bundled_items":[],"bundle_sell_ids":[],"acf":[],"_links":{"self":[{"href":"https:\/\/pippifoder.se\/da\/wp-json\/wp\/v2\/product\/20089","targetHints":{"allow":["GET"]}}],"collection":[{"href":"https:\/\/pippifoder.se\/da\/wp-json\/wp\/v2\/product"}],"about":[{"href":"https:\/\/pippifoder.se\/da\/wp-json\/wp\/v2\/types\/product"}],"replies":[{"embeddable":true,"href":"https:\/\/pippifoder.se\/da\/wp-json\/wp\/v2\/comments?post=20089"}],"wp:featuredmedia":[{"embeddable":true,"href":"https:\/\/pippifoder.se\/da\/wp-json\/wp\/v2\/media\/9766"}],"wp:attachment":[{"href":"https:\/\/pippifoder.se\/da\/wp-json\/wp\/v2\/media?parent=20089"}],"wp:term":[{"taxonomy":"product_brand","embeddable":true,"href":"https:\/\/pippifoder.se\/da\/wp-json\/wp\/v2\/product_brand?post=20089"},{"taxonomy":"product_cat","embeddable":true,"href":"https:\/\/pippifoder.se\/da\/wp-json\/wp\/v2\/product_cat?post=20089"},{"taxonomy":"product_tag","embeddable":true,"href":"https:\/\/pippifoder.se\/da\/wp-json\/wp\/v2\/product_tag?post=20089"}],"curies":[{"name":"wp","href":"https:\/\/api.w.org\/{rel}","templated":true}]}}