{"id":20087,"date":"2024-12-12T18:42:13","date_gmt":"2024-12-12T18:42:13","guid":{"rendered":"https:\/\/pippifoder.se\/Ikke%20kategoriseret\/birdbuddy-fuglefoderautomat-med-kamera-blaa\/"},"modified":"2026-04-15T12:54:57","modified_gmt":"2026-04-15T10:54:57","slug":"birdbuddy-fuglefoderautomat-med-kamera-blaa","status":"publish","type":"product","link":"https:\/\/pippifoder.se\/da\/produkt\/foderautomater-til-fugle\/birdbuddy-fuglefoderautomat-med-kamera-blaa\/","title":{"rendered":"Birdbuddy, fuglefoderautomat med kamera, bl\u00e5"},"content":{"rendered":"<p>Bird Buddy kamera-fuglefoderautomater &#8211; opdager og identificerer fugle i realtid. Ved hj\u00e6lp af avanceret AI-teknologi bliver du advaret om fuglebes\u00f8g og kan f\u00f8lge dem live via din mobil. <\/p>\n<h2><strong>Bird Buddy Blue &#8211; Fuglefoderautomat med integreret kamera<\/strong><\/h2>\n<p>Bird Buddy g\u00f8r det muligt at observere og optage fugle, der bes\u00f8ger dit foderbr\u00e6t. Det smarte kamera leverer skarpe billeder og livestreamer bes\u00f8gene til din telefon. Takket v\u00e6re AI-teknologi kan Bird Buddy genkende over 1000 fuglearter og informerer dig med det samme, n\u00e5r en ny art opdages.  <\/p>\n<p>Denne fuglefoderautomat er drevet af solenergi, s\u00e5 man ikke beh\u00f8ver at skifte batteri. Den er ogs\u00e5 vejrbestandig og fremstillet af genbrugsmaterialer, hvilket g\u00f8r den b\u00e5de b\u00e6redygtig og milj\u00f8venlig. <\/p>\n<p><strong>Det er derfor, du skal v\u00e6lge Bird Buddy:<\/strong><\/p>\n<ul>\n<li><strong>Smart kamera med AI:<\/strong> Optager detaljerede billeder og tilbyder livestreaming med en bred synsvinkel p\u00e5 120 grader.<\/li>\n<li><strong>Solcelledrevet:<\/strong> Solceller oplader l\u00f8bende batteriet og kr\u00e6ver minimal vedligeholdelse.<\/li>\n<li><strong>Automatisk fuglegenkendelse:<\/strong> Identificerer mere end 1000 fuglearter og sender advarsler direkte til din mobiltelefon.<\/li>\n<li><strong>Vejrbestandig:<\/strong> T\u00e5ler regn, sne og h\u00f8je temperaturer, perfekt til brug \u00e5ret rundt.<\/li>\n<\/ul>\n<p>Med Bird Buddy kan du opleve naturen helt t\u00e6t p\u00e5 uden at forlade hjemmet. Download appen for at dele gl\u00e6den med familie og venner. K\u00f8b dit Bird Buddy-fuglefoder hos Pippifoder, og begynd at opdage fuglelivet i dag!  <\/p>\n","protected":false},"excerpt":{"rendered":"<p>Birdbuddy, fuglefoderautomat med kamera og solceller! Birdbuddy er en fuglefoderautomat med et integreret kamera, som giver dig mulighed for at f\u00f8lge fuglene, der bes\u00f8ger foderautomaten, i realtid!  Den gratis app kan ogs\u00e5 identificere fuglene med AI og give dig besked, n\u00e5r du f\u00e5r bes\u00f8g &#8211; det er b\u00e5de l\u00e6rerigt og sjovt!<\/p>\n<p>Fuglefoderhuset er bl\u00e5t.<\/p>\n<p>&nbsp;<\/p>\n","protected":false},"featured_media":17023,"comment_status":"open","ping_status":"closed","template":"","meta":{"_acf_changed":false},"product_brand":[],"product_cat":[175,177,170,111],"product_tag":[],"class_list":{"0":"post-20087","1":"product","2":"type-product","3":"status-publish","4":"has-post-thumbnail","6":"product_cat-foderautomater-til-fugle","7":"product_cat-fuglebord-dk","8":"product_cat-fuglefoderautomat-til-fuglefro","9":"product_cat-fuglefro-og-fuglefoder-pa-udsalg","11":"first","12":"outofstock","13":"sale","14":"taxable","15":"shipping-taxable","16":"purchasable","17":"product-type-simple"},"bundled_by":[],"bundle_stock_status":"outofstock","bundle_stock_quantity":0,"bundle_virtual":false,"bundle_layout":"","bundle_add_to_cart_form_location":"","bundle_editable_in_cart":false,"bundle_sold_individually_context":"","bundle_item_grouping":"","bundle_min_size":"","bundle_max_size":"","bundle_price":[],"bundled_items":[],"bundle_sell_ids":[],"acf":[],"_links":{"self":[{"href":"https:\/\/pippifoder.se\/da\/wp-json\/wp\/v2\/product\/20087","targetHints":{"allow":["GET"]}}],"collection":[{"href":"https:\/\/pippifoder.se\/da\/wp-json\/wp\/v2\/product"}],"about":[{"href":"https:\/\/pippifoder.se\/da\/wp-json\/wp\/v2\/types\/product"}],"replies":[{"embeddable":true,"href":"https:\/\/pippifoder.se\/da\/wp-json\/wp\/v2\/comments?post=20087"}],"wp:featuredmedia":[{"embeddable":true,"href":"https:\/\/pippifoder.se\/da\/wp-json\/wp\/v2\/media\/17023"}],"wp:attachment":[{"href":"https:\/\/pippifoder.se\/da\/wp-json\/wp\/v2\/media?parent=20087"}],"wp:term":[{"taxonomy":"product_brand","embeddable":true,"href":"https:\/\/pippifoder.se\/da\/wp-json\/wp\/v2\/product_brand?post=20087"},{"taxonomy":"product_cat","embeddable":true,"href":"https:\/\/pippifoder.se\/da\/wp-json\/wp\/v2\/product_cat?post=20087"},{"taxonomy":"product_tag","embeddable":true,"href":"https:\/\/pippifoder.se\/da\/wp-json\/wp\/v2\/product_tag?post=20087"}],"curies":[{"name":"wp","href":"https:\/\/api.w.org\/{rel}","templated":true}]}}