{"id":20084,"date":"2024-12-03T19:09:13","date_gmt":"2024-12-03T19:09:13","guid":{"rendered":"https:\/\/pippifoder.se\/Ikke%20kategoriseret\/birdfy-fuglefoderautomat-med-kamera-blaa\/"},"modified":"2026-02-08T19:29:55","modified_gmt":"2026-02-08T19:29:55","slug":"birdfy-fuglefoderautomat-med-kamera-blaa","status":"publish","type":"product","link":"https:\/\/pippifoder.se\/da\/produkt\/foderautomater-til-fugle\/fuglefoderautomat-og-fuglehus-med-kamera\/birdfy-fuglefoderautomat-med-kamera-blaa\/","title":{"rendered":"Birdfy, fuglefoderautomat med kamera, bl\u00e5"},"content":{"rendered":"<div style=\"width: 1280px;\" class=\"wp-video\"><video class=\"wp-video-shortcode\" id=\"video-20084-1\" width=\"1280\" height=\"720\" poster=\"https:\/\/pippifoder.se\/app\/uploads\/2024\/12\/bildfy_film.png\" preload=\"metadata\" controls=\"controls\"><source type=\"video\/mp4\" src=\"https:\/\/pippifoder.se\/app\/uploads\/2024\/12\/Birdfy-ugc-1.mp4?_=1\" \/><a href=\"https:\/\/pippifoder.se\/app\/uploads\/2024\/12\/Birdfy-ugc-1.mp4\">https:\/\/pippifoder.se\/app\/uploads\/2024\/12\/Birdfy-ugc-1.mp4<\/a><\/video><\/div>\n<p>&nbsp;<\/p>\n<p>Birdfy drives af <strong>solpaneler<\/strong>, hvilket betyder, at du ikke beh\u00f8ver at bekymre dig om at skifte batterier. Den er ogs\u00e5 vejrbestandig og fremstillet af genbrugsplast, hvilket g\u00f8r den b\u00e5de b\u00e6redygtig og milj\u00f8venlig. <\/p>\n<h2>Fordele ved Birdfy<\/h2>\n<ul>\n<li><strong>AI-drevet kamera: <\/strong>Tager billeder i h\u00f8j opl\u00f8sning (1080HD) med 155 graders vinkel<\/li>\n<li><strong>Solcelletag:<\/strong> Oplader batteriet kontinuerligt for minimal vedligeholdelse, men kan ogs\u00e5 oplades med kabel (3 m USB-C-kabel medf\u00f8lger) Solcellerne kan placeres et andet sted end selve foderautomaten. <\/li>\n<li><strong>Fuglegenkendelse:<\/strong> Identificerer over 6.000 arter og sender meddelelser til din smartphone.<\/li>\n<li><strong>Vejrbestandig<\/strong>: T\u00e5ler regn, sne og varme, ideel til brug \u00e5ret rundt (IP65)<\/li>\n<li><strong>Lagerplads<\/strong>: Micro SD-kortplads til ekstra lagerplads.<\/li>\n<li><strong>Garanti<\/strong>: 2 \u00e5r<\/li>\n<\/ul>\n<p>Producent: NETVUE Monteringstype: V\u00e6gmontering (beslaget sidder bag foderautomaten, du kan ogs\u00e5 s\u00e6tte den fast p\u00e5 en stolpe eller lignende) Str\u00f8mkilde: Solcelledrevet Volumen: 1,5 liter Anvendelse: Fuglekiggeri<\/p>\n<h2>Birdfy brugermanual p\u00e5 svensk<\/h2>\n<p>Her er oversatte instruktioner til brug af Birdfy p\u00e5 svensk:<\/p>\n<p><a href=\"https:\/\/pippifoder.se\/app\/uploads\/2024\/12\/Birdfy-Feeder-Series_A0QSG.pdf\">Birdfy hurtig start-guide<\/a><\/p>\n<p><a href=\"https:\/\/pippifoder.se\/app\/uploads\/2024\/12\/Birdfy-Feeder-Series_A1User-Manual.pdf\">Birdfy brugervejledning<\/a><\/p>\n","protected":false},"excerpt":{"rendered":"<p>Birdfy, fuglefoderautomat med kamera og solceller! Birdfy er en fuglefoderautomat med et integreret kamera, der giver dig mulighed for at f\u00f8lge fuglene, der bes\u00f8ger foderautomaten, i realtid! Den gratis app kan ogs\u00e5 identificere fuglene med AI og give dig besked, n\u00e5r du f\u00e5r bes\u00f8g &#8211; det er b\u00e5de l\u00e6rerigt og sjovt!<\/p>\n<p>Fuglefoderautomaten er bl\u00e5 og har en volumen p\u00e5 1,5 liter fr\u00f8.<\/p>\n<p>&nbsp;<\/p>\n","protected":false},"featured_media":16375,"comment_status":"open","ping_status":"closed","template":"","meta":{"_acf_changed":false},"product_brand":[],"product_cat":[579,577,175,177,170,571],"product_tag":[],"class_list":{"0":"post-20084","1":"product","2":"type-product","3":"status-publish","4":"has-post-thumbnail","6":"product_cat-fuglefoderautomat-og-fuglehus-med-kamera","7":"product_cat-fagelmatare-och-fagelholk-med-kamera","8":"product_cat-foderautomater-til-fugle","9":"product_cat-fuglebord-dk","10":"product_cat-fuglefoderautomat-til-fuglefro","11":"product_cat-julegaveideer-til-fugleelskere-i-2025","13":"first","14":"instock","15":"taxable","16":"shipping-taxable","17":"purchasable","18":"product-type-simple"},"bundled_by":[],"bundle_stock_status":"instock","bundle_stock_quantity":155,"bundle_virtual":false,"bundle_layout":"","bundle_add_to_cart_form_location":"","bundle_editable_in_cart":false,"bundle_sold_individually_context":"","bundle_item_grouping":"","bundle_min_size":"","bundle_max_size":"","bundle_price":[],"bundled_items":[],"bundle_sell_ids":[],"acf":[],"_links":{"self":[{"href":"https:\/\/pippifoder.se\/da\/wp-json\/wp\/v2\/product\/20084","targetHints":{"allow":["GET"]}}],"collection":[{"href":"https:\/\/pippifoder.se\/da\/wp-json\/wp\/v2\/product"}],"about":[{"href":"https:\/\/pippifoder.se\/da\/wp-json\/wp\/v2\/types\/product"}],"replies":[{"embeddable":true,"href":"https:\/\/pippifoder.se\/da\/wp-json\/wp\/v2\/comments?post=20084"}],"wp:featuredmedia":[{"embeddable":true,"href":"https:\/\/pippifoder.se\/da\/wp-json\/wp\/v2\/media\/16375"}],"wp:attachment":[{"href":"https:\/\/pippifoder.se\/da\/wp-json\/wp\/v2\/media?parent=20084"}],"wp:term":[{"taxonomy":"product_brand","embeddable":true,"href":"https:\/\/pippifoder.se\/da\/wp-json\/wp\/v2\/product_brand?post=20084"},{"taxonomy":"product_cat","embeddable":true,"href":"https:\/\/pippifoder.se\/da\/wp-json\/wp\/v2\/product_cat?post=20084"},{"taxonomy":"product_tag","embeddable":true,"href":"https:\/\/pippifoder.se\/da\/wp-json\/wp\/v2\/product_tag?post=20084"}],"curies":[{"name":"wp","href":"https:\/\/api.w.org\/{rel}","templated":true}]}}