{"id":17230,"date":"2024-12-14T18:35:22","date_gmt":"2024-12-14T18:35:22","guid":{"rendered":"https:\/\/pippifoder.se\/?post_type=product&#038;p=17230"},"modified":"2026-04-03T05:01:30","modified_gmt":"2026-04-03T05:01:30","slug":"afskallede-solsikkefro-15-kg-fodertonde-kopia","status":"publish","type":"product","link":"https:\/\/pippifoder.se\/da\/produkt\/tilbehor\/foderbeholder-og-opbevaring\/afskallede-solsikkefro-15-kg-fodertonde-kopia\/","title":{"rendered":"Afskallede jordn\u00f8dder 10 kg + fodert\u00f8nde"},"content":{"rendered":"<h2>Information om fodertruget<\/h2>\n<p>Fodert\u00f8nden er fremstillet i Sverige i f\u00f8devaregodkendt polypropylenplast og er perfekt til opbevaring af foder af enhver art og selvf\u00f8lgelig b\u00e5de <a href=\"https:\/\/pippifoder.se\/solrosfron\/\">solsikkefr\u00f8<\/a> og <a href=\"https:\/\/pippifoder.se\/jordnotter\/\">jordn\u00f8dder<\/a>, som vi s\u00e6lger her p\u00e5 Pippifoder. Fodert\u00f8nden beskytter mod forurening, skadedyr og mus. Hvis du k\u00f8ber flere t\u00f8nder, kan de stables. T\u00f8nden er udstyret med et l\u00e5g, som er let at s\u00e6tte p\u00e5 og tage af. Fodert\u00f8nden er p\u00e5 37 liter.  <\/p>\n<h2>Brug af fodertrug<\/h2>\n<p>Det er vigtigt at opbevare foder i en fodert\u00f8nde for at beskytte det mod forurening, skadedyr og mus. I vores sortiment finder du vellavede, t\u00e6tsluttende t\u00f8nder med l\u00e5g, som er perfekte til b\u00e5de stalde og g\u00e5rde, indend\u00f8rs og udend\u00f8rs. T\u00f8nden med l\u00e5g beskytter effektivt dit foder i en luftt\u00e6t t\u00f8nde og holder det sikkert v\u00e6k fra insekter og andre u\u00f8nskede bes\u00f8gende. Med en stilfuld og funktionel t\u00f8nde bliver det b\u00e5de nemmere og renere at fodre dine dyr. K\u00f8b fodert\u00f8nder online hos Pippifoder med levering direkte til din d\u00f8r!   <\/p>\n","protected":false},"excerpt":{"rendered":"<p>K\u00f8b vores popul\u00e6re <a href=\"https:\/\/pippifoder.se\/produkt\/fagelmat\/jordnotter\/skalade-jordnotter-10kg\/\">10 kg afskallede jordn\u00f8dder<\/a> + fodert\u00f8nde med l\u00e5g (37 liter) til en uovertruffen pakkepris! V\u00e6lg mellem gr\u00f8nne, r\u00f8de, bl\u00e5 eller gule t\u00f8nder. <\/p>\n","protected":false},"featured_media":6511,"comment_status":"closed","ping_status":"closed","template":"","meta":{"_acf_changed":false},"product_brand":[],"product_cat":[168,98,119,251,149],"product_tag":[97,104],"class_list":{"0":"post-17230","1":"product","2":"type-product","3":"status-publish","4":"has-post-thumbnail","6":"product_cat-foderbeholder-og-opbevaring","7":"product_cat-fuglefoder","8":"product_cat-jordnodder","9":"product_cat-jordnodder-med-skal","10":"product_cat-tilbehor","11":"product_tag-fuglefoder","12":"product_tag-solsikkefroe","13":"product_shipping_class-sverige-da","14":"pa_fodertunna-farg-bla-farve","15":"pa_fodertunna-farg-gron-farve","16":"pa_fodertunna-farg-gul-farve","17":"pa_fodertunna-farg-rod-farve","18":"product_group-fodertunna-med-innehall","20":"first","21":"instock","22":"sale","23":"taxable","24":"shipping-taxable","25":"purchasable","26":"product-type-variable"},"bundled_by":[],"bundle_stock_status":"instock","bundle_stock_quantity":null,"bundle_virtual":false,"bundle_layout":"","bundle_add_to_cart_form_location":"","bundle_editable_in_cart":false,"bundle_sold_individually_context":"","bundle_item_grouping":"","bundle_min_size":"","bundle_max_size":"","bundle_price":[],"bundled_items":[],"bundle_sell_ids":[],"acf":[],"_links":{"self":[{"href":"https:\/\/pippifoder.se\/da\/wp-json\/wp\/v2\/product\/17230","targetHints":{"allow":["GET"]}}],"collection":[{"href":"https:\/\/pippifoder.se\/da\/wp-json\/wp\/v2\/product"}],"about":[{"href":"https:\/\/pippifoder.se\/da\/wp-json\/wp\/v2\/types\/product"}],"replies":[{"embeddable":true,"href":"https:\/\/pippifoder.se\/da\/wp-json\/wp\/v2\/comments?post=17230"}],"wp:featuredmedia":[{"embeddable":true,"href":"https:\/\/pippifoder.se\/da\/wp-json\/wp\/v2\/media\/6511"}],"wp:attachment":[{"href":"https:\/\/pippifoder.se\/da\/wp-json\/wp\/v2\/media?parent=17230"}],"wp:term":[{"taxonomy":"product_brand","embeddable":true,"href":"https:\/\/pippifoder.se\/da\/wp-json\/wp\/v2\/product_brand?post=17230"},{"taxonomy":"product_cat","embeddable":true,"href":"https:\/\/pippifoder.se\/da\/wp-json\/wp\/v2\/product_cat?post=17230"},{"taxonomy":"product_tag","embeddable":true,"href":"https:\/\/pippifoder.se\/da\/wp-json\/wp\/v2\/product_tag?post=17230"}],"curies":[{"name":"wp","href":"https:\/\/api.w.org\/{rel}","templated":true}]}}