{"id":15136,"date":"2024-11-19T18:50:28","date_gmt":"2024-11-19T18:50:28","guid":{"rendered":"https:\/\/pippifoder.se\/?post_type=product&#038;p=15136"},"modified":"2026-02-08T19:29:55","modified_gmt":"2026-02-08T19:29:55","slug":"foderautomat-katan-gron-2-l-kopia","status":"publish","type":"product","link":"https:\/\/pippifoder.se\/da\/produkt\/foderautomater-til-fugle\/foderautomat-katan-gron-2-l-kopia\/","title":{"rendered":"Pariserhjul til fuglefoder"},"content":{"rendered":"<h2>Instruktioner til samling af pariserhjul<\/h2>\n<p><a href=\"https:\/\/pippifoder.se\/app\/uploads\/2024\/11\/Pariserhjul_instruktion_right.pdf\">Download samlevejledning til pariserhjulet<\/a><\/p>\n","protected":false},"excerpt":{"rendered":"<p>Svenskproduceret foderautomat, hvor fuglene muntert hvirvler rundt mellem spandene. Desuden ser foderautomaten ud til at v\u00e6re sikker selv for st\u00f8rre fuglearter som skjalde, husskade og skovskade.<\/p>\n<p>Dette foderbr\u00e6t s\u00e6lges som et s\u00e6t med en vejledning i, hvordan man s\u00e6tter det sammen.<\/p>\n<p>De gule plastikspande, som hver rummer ca. 1,5 dl fr\u00f8, er udstyret med dr\u00e6nhuller. Hvis du har brug for at beskytte foderautomaten mod regn og sne, kan du enten selv bygge et tag eller placere hjulet under et eksisterende tag.<\/p>\n","protected":false},"featured_media":15145,"comment_status":"open","ping_status":"closed","template":"","meta":{"_acf_changed":false},"product_brand":[],"product_cat":[175,177,170,167,571],"product_tag":[],"class_list":{"0":"post-15136","1":"product","2":"type-product","3":"status-publish","4":"has-post-thumbnail","6":"product_cat-foderautomater-til-fugle","7":"product_cat-fuglebord-dk","8":"product_cat-fuglefoderautomat-til-fuglefro","9":"product_cat-fuglefoderautomater-til-nodder","10":"product_cat-julegaveideer-til-fugleelskere-i-2025","11":"product_shipping_class-sverige-da","13":"first","14":"instock","15":"taxable","16":"shipping-taxable","17":"purchasable","18":"product-type-simple"},"bundled_by":[],"bundle_stock_status":"instock","bundle_stock_quantity":72,"bundle_virtual":false,"bundle_layout":"","bundle_add_to_cart_form_location":"","bundle_editable_in_cart":false,"bundle_sold_individually_context":"","bundle_item_grouping":"","bundle_min_size":"","bundle_max_size":"","bundle_price":[],"bundled_items":[],"bundle_sell_ids":[],"acf":[],"_links":{"self":[{"href":"https:\/\/pippifoder.se\/da\/wp-json\/wp\/v2\/product\/15136","targetHints":{"allow":["GET"]}}],"collection":[{"href":"https:\/\/pippifoder.se\/da\/wp-json\/wp\/v2\/product"}],"about":[{"href":"https:\/\/pippifoder.se\/da\/wp-json\/wp\/v2\/types\/product"}],"replies":[{"embeddable":true,"href":"https:\/\/pippifoder.se\/da\/wp-json\/wp\/v2\/comments?post=15136"}],"wp:featuredmedia":[{"embeddable":true,"href":"https:\/\/pippifoder.se\/da\/wp-json\/wp\/v2\/media\/15145"}],"wp:attachment":[{"href":"https:\/\/pippifoder.se\/da\/wp-json\/wp\/v2\/media?parent=15136"}],"wp:term":[{"taxonomy":"product_brand","embeddable":true,"href":"https:\/\/pippifoder.se\/da\/wp-json\/wp\/v2\/product_brand?post=15136"},{"taxonomy":"product_cat","embeddable":true,"href":"https:\/\/pippifoder.se\/da\/wp-json\/wp\/v2\/product_cat?post=15136"},{"taxonomy":"product_tag","embeddable":true,"href":"https:\/\/pippifoder.se\/da\/wp-json\/wp\/v2\/product_tag?post=15136"}],"curies":[{"name":"wp","href":"https:\/\/api.w.org\/{rel}","templated":true}]}}