{"id":8136,"date":"2023-09-18T12:12:30","date_gmt":"2023-09-18T12:12:30","guid":{"rendered":"https:\/\/pippifoder.se\/koebsvilkaar\/"},"modified":"2025-02-03T08:51:43","modified_gmt":"2025-02-03T08:51:43","slug":"koebsvilkaar","status":"publish","type":"page","link":"https:\/\/pippifoder.se\/da\/koebsvilkaar\/","title":{"rendered":"Betingelser for k\u00f8b"},"content":{"rendered":"\n<h1 class=\"wp-block-heading\">Betingelser for k\u00f8b<\/h1>\n\n<p>Virksomhed: Pippifoder Sverige AB (559443-0091)<\/p>\n\n<p>Virksomhedens adresse: Pippifoder Sverige AB, Hantverkaregatan 4, 66130 S\u00e4ffle<\/p>\n\n<h3 class=\"wp-block-heading\">Priser<\/h3>\n\n<p>Alle priser er inklusive moms. Forsendelse vil blive tilf\u00f8jet.<\/p>\n\n<h3 class=\"wp-block-heading\">Betaling<\/h3>\n\n<p>Betaling p\u00e5 siden sker via Payson Checkout.  <\/p>\n\n<h3 class=\"wp-block-heading\">Levering<\/h3>\n\n<p>Ordrer sendes prim\u00e6rt med DHL og leveres til agenter eller direkte til leveringsadressen. Leveringstiden er mellem 3-7 arbejdsdage.<br\/> Hvis der er en forsinkelse i din levering (uden at vi meddeler dig en l\u00e6ngere leveringstid), skal du kontakte os direkte via e-mail<a href=\"mailto:kontakt@pippifoder.se\">(kontakt@pippifoder.se)<\/a> eller telefon<a href=\"tel:0730267410\">(0730267410)<\/a>.  <\/p>\n\n<h3 class=\"wp-block-heading\">Ret til annullering<\/h3>\n\n<p>Produktet skal v\u00e6re i salgbar stand med ubeskadiget emballage. Du har lovbestemt 14 dages fortrydelsesret fra det tidspunkt, hvor du har modtaget et produkt, som du har bestilt.<br\/>Ved brug af fortrydelsesretten er du som kunde ansvarlig for returforsendelse. Ved ud\u00f8velse af fortrydelsesretten refunderes hele bel\u00f8bet med undtagelse af forsendelsesomkostninger. Skader p\u00e5 returnerede varer er afsenderens ansvar. Al returforsendelse h\u00e5ndteres af os p\u00e5 Pippifoder.     <\/p>\n\n<p>Hvis du har brugt din fortrydelsesret, opretter vi et fragtbrev til dig og bestiller afhentning hos DHL, som kommer og henter varerne.  <\/p>\n\n<h3 class=\"wp-block-heading\">Klager<\/h3>\n\n<p>Fort\u00e6l os venligst, hvorfor du ikke accepterer varen, og hvordan du mener, at varen er defekt, via e-mail<a href=\"mailto:kontakt@pippifoder.se\">(kontakt@pippifoder.se)<\/a> eller telefon<a href=\"tel:0730267410\">(0730267410)<\/a>. Giv altid besked om eventuelle klager s\u00e5 hurtigt som muligt. If\u00f8lge loven har du ret til at klage over dit produkt i 3 \u00e5r, forudsat at manglen kan p\u00e5ber\u00e5bes over for s\u00e6lgeren som original inden for 6 m\u00e5neder fra k\u00f8bstidspunktet. Vi accepterer det generelle klagen\u00e6vn (ARN).   <\/p>\n\n<p>I tilf\u00e6lde af en reklamation opretter vi et fragtbrev til dig og bestiller afhentning hos DHL, som kommer og henter varerne.  <\/p>\n\n<h3 class=\"wp-block-heading\">Betingelser for udveksling<\/h3>\n\n<p>Ved ombytning af et produkt. Du er ansvarlig for returforsendelsen tilbage til os, og forsendelsen sker via os med os som fragtmand. I tilf\u00e6lde af ombytning opkr\u00e6ves k\u00f8beren for nye forsendelsesomkostninger. BEM\u00c6RK! Husk altid at underrette os via e-mail<a href=\"mailto:kontakt@pippifoder.se\">(kontakt@pippifoder.se)<\/a> eller telefon<a href=\"tel:0730267410\">(0730267410)<\/a>, f\u00f8r du sender dine varer!    <\/p>\n\n<h3 class=\"wp-block-heading\">Ikke-afhentede pakker<\/h3>\n\n<p>Hvis pakken ikke afhentes, vil forsendelse og returforsendelse og emballage blive opkr\u00e6vet SEK 390 inkl. moms. If\u00f8lge svensk lov skal du altid give os besked, n\u00e5r du bruger retten til at annullere, reklamere, bytte eller returnere din ordre.  <\/p>\n\n<figure class=\"wp-block-table\"><table><tbody><tr><td>Ordre i alt<\/td><td>Pris<\/td><td>Leveringsm\u00e5de<\/td><\/tr><tr><td>1-1 499kr<\/td><td>99kr<\/td><td>At plotte<\/td><\/tr><tr><td>1 500 kr +.<\/td><td>Gratis forsendelse<\/td><td>At plotte<\/td><\/tr><\/tbody><\/table><\/figure>\n\n<h3 class=\"wp-block-heading\">Kundeservice<\/h3>\n\n<p>G\u00e5 til vores <a href=\"https:\/\/pippifoder.se\/da\/kontakt-os\/\" data-type=\"page\" data-id=\"17\">kontaktside<\/a><\/p>\n\n<h3 class=\"wp-block-heading\"><strong><strong>Samtykke til opf\u00f8lgende e-mails for produktanmeldelser<\/strong><\/strong><\/h3>\n\n<p>N\u00e5r du foretager et k\u00f8b hos Pippifoder, sender vi dig en opf\u00f8lgende e-mail 14 dage efter dit k\u00f8b. Form\u00e5let med denne e-mail er at invitere dig til at skrive en anmeldelse af de produkter, du har k\u00f8bt.<br\/>Vi mener, at dine meninger og erfaringer er v\u00e6rdifulde for b\u00e5de os og andre kunder. For at sende disse invitationer bruger vi den e-mailadresse, du angav p\u00e5 k\u00f8bstidspunktet.<br\/>Din e-mailadresse og dine k\u00f8bsoplysninger vil blive behandlet i overensstemmelse med vores privatlivspolitik. Du har til enhver tid ret til at frav\u00e6lge disse invitationer ved at kontakte os eller ved at klikke p\u00e5 afmeldingslinket i hver invitationsmail. Vi vil respektere din beslutning og vil ikke sende dig flere invitationer, hvis du v\u00e6lger at afmelde dig.    <\/p>\n","protected":false},"excerpt":{"rendered":"<p>Betingelser for k\u00f8b Virksomhed: Pippifoder Sverige AB (559443-0091) Virksomhedens adresse: Pippifoder Sverige AB, Hantverkaregatan 4, 66130 S\u00e4ffle Priser Alle priser er inklusive moms. Forsendelse vil blive tilf\u00f8jet. Betaling Betaling p\u00e5 siden sker via Payson Checkout. Levering Ordrer sendes prim\u00e6rt med DHL og leveres til agenter eller direkte til leveringsadressen. Leveringstiden er mellem 3-7 arbejdsdage. Hvis&#8230;<\/p>\n","protected":false},"author":1,"featured_media":0,"parent":0,"menu_order":0,"comment_status":"closed","ping_status":"closed","template":"","meta":{"_acf_changed":false,"footnotes":""},"class_list":["post-8136","page","type-page","status-publish","hentry"],"acf":[],"_links":{"self":[{"href":"https:\/\/pippifoder.se\/da\/wp-json\/wp\/v2\/pages\/8136","targetHints":{"allow":["GET"]}}],"collection":[{"href":"https:\/\/pippifoder.se\/da\/wp-json\/wp\/v2\/pages"}],"about":[{"href":"https:\/\/pippifoder.se\/da\/wp-json\/wp\/v2\/types\/page"}],"author":[{"embeddable":true,"href":"https:\/\/pippifoder.se\/da\/wp-json\/wp\/v2\/users\/1"}],"replies":[{"embeddable":true,"href":"https:\/\/pippifoder.se\/da\/wp-json\/wp\/v2\/comments?post=8136"}],"version-history":[{"count":0,"href":"https:\/\/pippifoder.se\/da\/wp-json\/wp\/v2\/pages\/8136\/revisions"}],"wp:attachment":[{"href":"https:\/\/pippifoder.se\/da\/wp-json\/wp\/v2\/media?parent=8136"}],"curies":[{"name":"wp","href":"https:\/\/api.w.org\/{rel}","templated":true}]}}