{"id":8094,"date":"2023-09-18T12:01:52","date_gmt":"2023-09-18T12:01:52","guid":{"rendered":"https:\/\/pippifoder.se\/privatlivspolitik\/"},"modified":"2025-02-03T08:50:31","modified_gmt":"2025-02-03T08:50:31","slug":"privatlivspolitik","status":"publish","type":"page","link":"https:\/\/pippifoder.se\/da\/privatlivspolitik\/","title":{"rendered":"Privatlivspolitik"},"content":{"rendered":"\n<h1 class=\"wp-block-heading\">Privatlivspolitik<\/h1>\n\n<p>Denne privatlivspolitik forklarer, hvordan vores hjemmeside pippifoder.se indsamler og behandler dine personoplysninger, hvilke valg og muligheder du har som forbruger, og hvordan du kan ud\u00f8ve dine rettigheder. Denne politik er rettet mod dig som bes\u00f8gende p\u00e5 vores hjemmeside.<\/p>\n\n<p>En optimal beskyttelse af dine personoplysninger er en af vores vigtigste prioriteter, og vi bestr\u00e6ber os p\u00e5 at designe vores hjemmeside med respekt for vores bes\u00f8gendes privatliv. Vores tilgang er, at vi ikke behandler flere personoplysninger, end hvad der er h\u00f8jst n\u00f8dvendigt til form\u00e5let. Vi g\u00f8r desuden brug af de mindst privatlivsf\u00f8lsomme data.<\/p>\n\n<h2 class=\"wp-block-heading\"><h2 class=\"wp-block-heading\"><strong>1. Vi indsamler disse personoplysninger, og s\u00e5dan bruger vi dem<\/strong><\/h2><\/h2>\n\n<p>Personoplysninger er de data, der vedr\u00f8rer en identificeret eller identific\u00e9rbar person. Vi behandler oplysninger s\u00e5som navn, e-mailadresse og telefonnummer, som du videregiver til os via kontaktformularer p\u00e5 hjemmesiden. Din e-mailadresse vil ogs\u00e5 blive gemt, n\u00e5r du abonnerer p\u00e5 vores nyhedsbrev. Personoplysningerne behandles for at kunne foretage de \u00f8nskede handlinger, s\u00e5som at besvare sp\u00f8rgsm\u00e5l eller udsende materialer. Personoplysninger kan ogs\u00e5 bruges til direkte markedsf\u00f8ring til modtagere i deres professionelle rolle, kunde- og markedsanalyser, invitationer til m\u00f8der og andre professionelle kontakter vedr\u00f8rende vores produkter og tjenester.<\/p>\n\n<p>N\u00e5r du bes\u00f8ger hjemmesiden og downloader dokumenter, behandler vi automatisk oplysningerne, der under visse omst\u00e6ndigheder kan udg\u00f8re personoplysninger. Dette kan omfatte oplysninger om tid, dato, downloadet fil, filst\u00f8rrelse, overf\u00f8rt datam\u00e6ngde, browser, sprogindstillinger, operativsystem, henvisende dom\u00e6ne og IP-adresse. Form\u00e5let med at behandle denne type oplysninger er at levere en interessant, sikker og brugervenlig hjemmeside.<\/p>\n\n<ul class=\"wp-block-list\">\n<li><strong>Juridisk grundlag<\/strong><\/li>\n<\/ul>\n\n<p>Retsgrundlaget for vores behandling af personoplysninger er en legitim interesse i at markedsf\u00f8re vores tjenester og produkter, at kommunikere med kunder, leverand\u00f8rer og andre interessenter og at levere en interessant, sikker og brugervenlig hjemmeside. I nogle tilf\u00e6lde er retsgrundlaget, at behandlingen af personoplysninger er n\u00f8dvendig for at opfylde en kontrakt eller for at tage skridt p\u00e5 anmodning fra den registrerede forud for indg\u00e5else af en kontrakt. I tilf\u00e6lde af s\u00e5kaldte cookies er retsgrundlaget samtykke. Flere oplysninger om denne behandling kan findes i afsnittet om cookies og lignende teknologier nedenfor.<\/p>\n\n<ul class=\"wp-block-list\">\n<li><strong>Lagringstid<\/strong><\/li>\n<\/ul>\n\n<p>Generelt lagrer vi ikke personoplysninger l\u00e6ngere, end hvad der er n\u00f8dvendigt for at opfylde form\u00e5let med behandlingen. Vi sletter ogs\u00e5 personoplysninger, hvis du beder os om det, eller hvis vi bliver opm\u00e6rksomme p\u00e5, at de personoplysninger, vi behandler, er for\u00e6ldede.<\/p>\n\n<ul class=\"wp-block-list\">\n<li><strong>Overf\u00f8rsler til tredjeparter<\/strong><\/li>\n<\/ul>\n\n<p>Vores privatlivspolitik er ikke at videregive personoplysninger til uafh\u00e6ngige tredjeparter, medmindre det er n\u00f8dvendigt for at opfylde vores kontraktlige eller juridiske forpligtelser. Dette omfatter vores leverand\u00f8rer inden for omr\u00e5der som informationssikkerhed, IT, fragt og logistik, \u00f8konomi og marketing. Hvis vores virksomhed er, eller kan blive, en del af en koncern, kan dine data ogs\u00e5 blive delt med virksomheder i koncernen. Vi videres\u00e6lger ikke dine personoplysninger og tillader ikke tredjeparter at bruge personoplysninger, der er videregivet til os af andre \u00e5rsager, til egne form\u00e5l. Undtagelser kan v\u00e6re visse tekniske oplysninger, der deles med tredjeparter under specifikke betingelser som beskrevet nedenfor.<\/p>\n\n<ul class=\"wp-block-list\">\n<li><strong>Sikkerhed<\/strong><\/li>\n<\/ul>\n\n<p>Vi har rutiner og arbejdsmetoder, der sikrer, at dine personoplysninger h\u00e5ndteres sikkert. Udgangspunktet er, at kun personer i vores organisation, der har brug for personoplysningerne til at udf\u00f8re deres opgaver, skal have adgang til dem. Vores sikkerhedssystemer er designet til at beskytte mod indtr\u00e6ngen, \u00f8del\u00e6ggelse og andre \u00e6ndringer, der kan medf\u00f8re diverse privatlivsrisici. Personoplysninger, der indsendes via formularer p\u00e5 vores hjemmeside, er beskyttet via en kryptering under overf\u00f8rslen til vores servere.<\/p>\n\n<ul class=\"wp-block-list\">\n<li><strong>Overf\u00f8rsler til lande uden for EU\/E\u00d8S<\/strong><\/li>\n<\/ul>\n\n<p>Vi behandler normalt kun personoplysninger inden for EU\/E\u00d8S. I visse situationer kan dine personoplysninger og tekniske oplysninger dog blive overf\u00f8rt til modtagere uden for EU\/E\u00d8S, som har et tilstr\u00e6kkeligt beskyttelsesniveau for personoplysninger. Undtagelsesvis kan personoplysninger ogs\u00e5, efter at vi har truffet s\u00e6rlige sikkerhedsforanstaltninger, overf\u00f8res til modtagere uden for EU\/E\u00d8S, som ikke har et tilstr\u00e6kkeligt beskyttelsesniveau for personoplysninger.<\/p>\n\n<ul class=\"wp-block-list\">\n<li><strong>Rettigheder vedr\u00f8rende personoplysninger<\/strong><\/li>\n<\/ul>\n\n<p>Du har ret til at f\u00e5 adgang til dine personoplysninger efter en skriftlig anmodning og uden un\u00f8dig forsinkelse, til at f\u00e5 dine personoplysninger korrigeret eller slettet. Du har ligeledes ret til at f\u00e5 behandlingen af dine personoplysninger begr\u00e6nset og til at f\u00e5 dine personoplysninger overf\u00f8rt i et datakompatibelt og l\u00e6sbart format. Endelig har du ret til at anmode om, at dine personoplysninger ikke anvendes til direkte markedsf\u00f8ring. Hvis du har sp\u00f8rgsm\u00e5l eller ikke er tilfreds med, hvordan vi behandler dine personoplysninger, er du altid velkommen til at kontakte os. Der er ogs\u00e5 mulighed for at kontakte den kompetente tilsynsmyndighed. I Danmark er det Datatilsynet.<\/p>\n\n<ul class=\"wp-block-list\">\n<li><strong>\u00c6ndringer<\/strong><\/li>\n<\/ul>\n\n<p>Denne privatlivspolitik opdateres l\u00f8bende, og vi anbefaler derfor, at du regelm\u00e6ssigt tjekker for eventuelle \u00e6ndringer, f\u00f8r du bruger hjemmesiden.<\/p>\n\n<ul class=\"wp-block-list\">\n<li><strong>Links<\/strong><\/li>\n<\/ul>\n\n<p>Vores hjemmeside indeholder nogle gange links til andre hjemmesider. Disse hjemmesider er normalt ikke under vores kontrol og er s\u00e5ledes ikke omfattet af denne privatlivspolitik, hvorfor du opfordres til at l\u00e6se den eksterne hjemmesides privatlivspolitik, f\u00f8r du indsender dine personoplysninger.<\/p>\n\n<ul class=\"wp-block-list\">\n<li><strong>Samtykke til opf\u00f8lgende e-mails for produktanmeldelser<\/strong><\/li>\n<\/ul>\n\n<p>N\u00e5r du gennemf\u00f8rer et k\u00f8b hos Pippifoder, sender vi dig en opf\u00f8lgende mail 14 dage efter dit k\u00f8b. Form\u00e5let med denne e-mail er at invitere dig til at skrive en anmeldelse af de produkter, du har k\u00f8bt. Vi mener, at dine meninger og erfaringer er v\u00e6rdifulde for b\u00e5de os og andre kunder. N\u00e5r vi sender disse invitationer, g\u00f8r vi brug af den e-mailadresse, du oplyste p\u00e5 k\u00f8bstidspunktet. Din e-mailadresse og k\u00f8bsoplysninger vil blive h\u00e5ndteret i overensstemmelse med vores privatlivspolitik. Du har ret til at frav\u00e6lge disse invitationer til enhver tid ved at kontakte os eller ved at klikke p\u00e5 afmeldingslinket i hver invitationsmail. Vi respekterer din beslutning og sender ikke flere invitationer, hvis du v\u00e6lger at afmelde dig.<\/p>\n\n<h2 class=\"wp-block-heading\"><h2 class=\"wp-block-heading\"><strong>2. Hvordan behandler I mine personoplysninger?<\/strong><\/h2><\/h2>\n\n<p>De f\u00f8lgende afsnit forklarer, hvilken type data vi kan v\u00e6lge at behandle om dig, og til hvilke form\u00e5l vi indsamler disse. Vi forklarer ogs\u00e5, hvordan oplysningerne indsamles, og hvor l\u00e6nge de lagres.<\/p>\n\n<ul class=\"wp-block-list\">\n<li><strong>Indsamling af webstatistik<\/strong><\/li>\n<\/ul>\n\n<p>N\u00e5r du bes\u00f8ger vores hjemmeside, indsamler vi logfiler, der indeholder netv\u00e6rksidentifikatorer og tidsstempler ved hj\u00e6lp af en udbyder. Vi indsamler disse data, s\u00e5 vi kan se, hvor mange brugere der bes\u00f8ger vores hjemmeside. Vores juridiske grundlag for behandlingen er vores legitime interesse i at vide, hvordan vores hjemmeside bliver benyttet. De data, der indsamles via disse logfiler, bliver straks afidentificeret og gemmes derfor ikke i vores systemer.<\/p>\n\n<h2 class=\"wp-block-heading\"><h2 class=\"wp-block-heading\"><strong>3. Hvad med cookies og lignende teknologier?<\/strong><\/h2><\/h2>\n\n<p>Din browser eller enhed giver dig mulighed for at \u00e6ndre indstillingerne for brugen og omfanget af cookies. Du kan f.eks. v\u00e6lge at blokere alle cookies, kun acceptere visse cookies eller slette cookies, n\u00e5r du lukker din browser. Bem\u00e6rk venligst, at nogle dele af vores hjemmeside muligvis ikke fungerer efter hensigten, hvis du enten blokerer eller sletter cookies. For mere information om cookies, og hvordan du kan \u00e6ndre dine browserindstillinger, bes\u00f8g venligst <a href=\"https:\/\/www.aboutcookies.org\/\" target=\"_blank\" rel=\"noreferrer noopener\">www.aboutcookies.org<\/a>.<\/p>\n\n<script type=\"text\/javascript\" charset=\"UTF-8\" data-cookiescriptreport=\"report\" src=\"\/\/report.cookie-script.com\/r\/7ba68de5156296f0a0235cf9cd34f322.js\"><\/script>\r\n\n<h2 class=\"wp-block-heading\"><h2 class=\"wp-block-heading\"><strong>4. Hvem deler I mine data med?<\/strong><\/h2><\/h2>\n\n<p>Vi vil hverken dele, s\u00e6lge, overf\u00f8re eller p\u00e5 anden m\u00e5de videregive dine data, undtagen som beskrevet i denne politik, medmindre vi er forpligtede til at g\u00f8re det for at overholde en juridisk forpligtelse, eller hvis vi har f\u00e5et dit samtykke til en s\u00e5dan videregivelse. Dette udelukker os ikke fra at g\u00f8re brug af databehandlere, der behandler data p\u00e5 vores vegne i overensstemmelse med de skriftlige databehandlingsaftaler og vores instruktioner. Databehandlere, der f\u00e5r adgang til dine data (f.eks. n\u00e5r vi bruger en tredjepart til at gemme data p\u00e5 en server), er ikke autoriserede til at bruge dine data til andre form\u00e5l end dem, der er beskrevet i denne politik.<\/p>\n\n<h2 class=\"wp-block-heading\"><h2 class=\"wp-block-heading\"><strong>5. S\u00e5dan behandler vi dine personoplysninger<\/strong><\/h2><\/h2>\n\n<p>Vi bestr\u00e6ber os altid p\u00e5 at behandle dine data inden for EU\/E\u00d8S. Dine data kan dog i visse situationer blive overf\u00f8rt til og behandlet i et land uden for EU\/E\u00d8S. Vi vil da tr\u00e6ffe alle rimelige juridiske, tekniske og organisatoriske foranstaltninger for at sikre, at dine data h\u00e5ndteres sikkert og med et tilstr\u00e6kkeligt beskyttelsesniveau, der er sammenligneligt med og p\u00e5 samme niveau som den beskyttelse, der tilbydes inden for EU\/E\u00d8S.<\/p>\n\n<h2 class=\"wp-block-heading\"><h2 class=\"wp-block-heading\"><strong>6. Hvilke rettigheder har jeg som forbruger?<\/strong><\/h2><\/h2>\n\n<ul class=\"wp-block-list\">\n<li><strong>Ret til registerindsigt<\/strong><\/li>\n<\/ul>\n\n<p>Du har ret til at anmode om en kopi af de personoplysninger, vi behandler om dig. Anmodningen er gratis.<\/p>\n\n<ul class=\"wp-block-list\">\n<li><strong>Ret til berigtigelse<\/strong><\/li>\n<\/ul>\n\n<p>Du har ret til at f\u00e5 korrigeret un\u00f8jagtige eller ufuldst\u00e6ndige data om din person.<\/p>\n\n<ul class=\"wp-block-list\">\n<li><strong>Ret til at blive slettet<\/strong><\/li>\n<\/ul>\n\n<p>Du har ret til at anmode om sletning af dine data i de tilf\u00e6lde, hvor dataene ikke l\u00e6ngere er n\u00f8dvendige til det form\u00e5l, hvortil de blev indsamlet. Der kan dog v\u00e6re juridiske forpligtelser, der forhindrer os i straks at slette dele af dine data.<\/p>\n\n<ul class=\"wp-block-list\">\n<li><strong>Ret til dataportabilitet<\/strong><\/li>\n<\/ul>\n\n<p>Du har ret til at anmode om overf\u00f8rsel af dine data fra os til dig selv eller til en anden udbyder. Der kan dog v\u00e6re juridiske forpligtelser, der forhindrer os i at overf\u00f8re dele af dine data.<\/p>\n\n<ul class=\"wp-block-list\">\n<li><strong>Ret til at g\u00f8re indsigelse<\/strong><\/li>\n<\/ul>\n\n<p>Du har ret til at g\u00f8re indsigelse mod den behandling af personoplysninger, som vi foretager p\u00e5 grundlag af en interesseafvejning. Du skal i s\u00e5 fald angive, hvilken behandling du g\u00f8r indsigelse mod. Hvis dine personoplysninger behandles med henblik p\u00e5 direkte markedsf\u00f8ring, har du altid ret til at g\u00f8re indsigelse mod behandlingen.<\/p>\n\n<ul class=\"wp-block-list\">\n<li><strong>Ret til begr\u00e6nsning<\/strong><\/li>\n<\/ul>\n\n<p>Du har ret til at anmode om en midlertidig begr\u00e6nsning af behandlingen af dine personoplysninger. Det betyder, at vi midlertidigt flytter dine personoplysninger til et andet behandlingssystem eller g\u00f8r dataene utilg\u00e6ngelige for en bruger.<\/p>\n\n<ul class=\"wp-block-list\">\n<li><strong>Ret til at tr\u00e6kke dit samtykke tilbage<\/strong><\/li>\n<\/ul>\n\n<p>Du har til enhver tid ret til at tr\u00e6kke dit samtykke til deling af oplysninger tilbage ved at kontakte os via de nedenst\u00e5ende kontaktoplysninger.<\/p>\n\n<ul class=\"wp-block-list\">\n<li><strong>Ret til at klage<\/strong><\/li>\n<\/ul>\n\n<p>Du har til enhver tid ret til at indgive en klage til os eller til den kompetente tilsynsmyndighed.<\/p>\n\n<h2 class=\"wp-block-heading\"><h2 class=\"wp-block-heading\"><strong>7. Hvordan kan jeg ud\u00f8ve mine rettigheder?<\/strong><\/h2><\/h2>\n\n<p>Hvis du \u00f8nsker at ud\u00f8ve nogen af dine rettigheder, bedes du sende os en besked. Hvis du \u00f8nsker at indgive en klage til en tilsynsmyndighed, bedes du kontakte Datatilsynet.dk.<\/p>\n\n<h2 class=\"wp-block-heading\"><h2 class=\"wp-block-heading\"><strong>8. \u00c6ndringer i denne privatlivspolitik<\/strong><\/h2><\/h2>\n\n<p>Hvis vi foretager \u00e6ndringer i denne politik, giver vi dig besked ved at offentligg\u00f8re den opdaterede version p\u00e5 hjemmesiden. Hvis \u00e6ndringerne er v\u00e6sentlige, giver vi dig ogs\u00e5 besked og beder om dit samtykke, hvis det er n\u00f8dvendigt.<\/p>\n\n<h2 class=\"wp-block-heading\"><h2 class=\"wp-block-heading\"><strong>9. Hvem er den dataansvarlige?<\/strong><\/h2><\/h2>\n\n<p>Pippifoder AB (org.nr. 559443-0091) er den dataansvarlige for behandlingen af dine personoplysninger i henhold til denne politik.<\/p>\n\n<h3 class=\"wp-block-heading\">Hvordan kan du kontakte os?<\/h3>\n\n<p>Pippifoder.dk har en medarbejder, der er ansvarlig for databeskyttelsessp\u00f8rgsm\u00e5l. Hvis du har sp\u00f8rgsm\u00e5l om denne politik, behandlingen af dine data, eller hvordan du ud\u00f8ver dine rettigheder, er du altid velkommen til at kontakte os p\u00e5 telefonnummer <a href=\"tel:073-0267410\">073-0267410<\/a> eller via e-mailadressen\u00a0<a href=\"mailto:kontakt@pippifoder.se\">kontakt@pippifoder.se<\/a>.<\/p>\n\n<p><em>Privatlivspolitikken blev senest opdateret den 08\/10 2023.<\/em><\/p>\n","protected":false},"excerpt":{"rendered":"<p>Privatlivspolitik Denne privatlivspolitik forklarer, hvordan vores hjemmeside pippifoder.se indsamler og behandler dine personoplysninger, hvilke valg og muligheder du har som forbruger, og hvordan du kan ud\u00f8ve dine rettigheder. Denne politik er rettet mod dig som bes\u00f8gende p\u00e5 vores hjemmeside. En optimal beskyttelse af dine personoplysninger er en af vores vigtigste prioriteter, og vi bestr\u00e6ber os&#8230;<\/p>\n","protected":false},"author":1,"featured_media":0,"parent":0,"menu_order":0,"comment_status":"closed","ping_status":"open","template":"","meta":{"_acf_changed":false,"footnotes":""},"class_list":["post-8094","page","type-page","status-publish","hentry"],"acf":[],"_links":{"self":[{"href":"https:\/\/pippifoder.se\/da\/wp-json\/wp\/v2\/pages\/8094","targetHints":{"allow":["GET"]}}],"collection":[{"href":"https:\/\/pippifoder.se\/da\/wp-json\/wp\/v2\/pages"}],"about":[{"href":"https:\/\/pippifoder.se\/da\/wp-json\/wp\/v2\/types\/page"}],"author":[{"embeddable":true,"href":"https:\/\/pippifoder.se\/da\/wp-json\/wp\/v2\/users\/1"}],"replies":[{"embeddable":true,"href":"https:\/\/pippifoder.se\/da\/wp-json\/wp\/v2\/comments?post=8094"}],"version-history":[{"count":0,"href":"https:\/\/pippifoder.se\/da\/wp-json\/wp\/v2\/pages\/8094\/revisions"}],"wp:attachment":[{"href":"https:\/\/pippifoder.se\/da\/wp-json\/wp\/v2\/media?parent=8094"}],"curies":[{"name":"wp","href":"https:\/\/api.w.org\/{rel}","templated":true}]}}